{"id":464371,"date":"2025-05-31T22:03:38","date_gmt":"2025-05-31T20:03:38","guid":{"rendered":"https:\/\/lucacastelli.com\/prodotto\/fsa-135-r-sans-batterie-ni-chargeur\/"},"modified":"2026-04-16T21:24:57","modified_gmt":"2026-04-16T19:24:57","slug":"fsa-135-r-sans-batterie-ni-chargeur","status":"publish","type":"product","link":"https:\/\/lucacastelli.com\/fr\/produit\/fsa-135-r-sans-batterie-ni-chargeur\/","title":{"rendered":"STIHL FSA 135 R, sans batterie ni chargeur"},"content":{"rendered":"<p>pD\u00e9broussailleuse \u00e0 batterie robuste et puissante avec logement pour batterie AP dans l\u2019appareil. Pour le fauchage d\u2019herbe et de broussailles dans des zones sensibles au bruit. Diam\u00e8tre de coupe 260 mm avec lame coupe-herbe, diam\u00e8tre de coupe max. 420 mm avec t\u00eate faucheuse. Poign\u00e9e de commande ergonomique avec pr\u00e9s\u00e9lection de la vitesse \u00e0 trois niveaux et affichage LED, r\u00e9glage de la vitesse en continu, poign\u00e9e circulaire, double bandouli\u00e8re, filtre \u00e0 air pour une longue dur\u00e9e de vie. Extr\u00eamement polyvalente gr\u00e2ce \u00e0 la vaste gamme d\u2019outils de coupe STIHL. Pr\u00e9par\u00e9e pour le STIHL Smart Connector 2 A dans le carter de l\u2019appareil.\/p<br \/>\n886661608423<\/p>\n<p>Tension nominale 36<br \/>\nPuissance absorb\u00e9e Puissance absorb\u00e9e<\/p>\n<p>Puissance Puissance<br \/>\nSyst\u00e8me \u00e0 batterie AP<br \/>\nBatterie conseill\u00e9e AP 300 S<\/p>\n","protected":false},"excerpt":{"rendered":"<p>pD\u00e9broussailleuse \u00e0 batterie robuste et puissante avec logement pour batterie AP dans l\u2019appareil. Pour le fauchage d\u2019herbe et de broussailles<\/p>\n","protected":false},"featured_media":436693,"template":"","meta":{"_seopress_robots_primary_cat":"none","_seopress_titles_title":"","_seopress_titles_desc":"","_seopress_robots_index":""},"product_brand":[3366],"product_cat":[29,270,281],"product_tag":[3265],"class_list":{"0":"post-464371","1":"product","2":"type-product","3":"status-publish","4":"has-post-thumbnail","6":"product_brand-stihl","7":"product_cat-macchinari","8":"product_cat-decespugliatori-e-tagliabordi","9":"product_cat-decespugliatori-e-tagliabordi-a-batteria","10":"product_tag-import-stihl","11":"sws-gruppo-macchinari-fr","12":"sws-conto-ricavi-merci-rivendita-macchinari-fr","13":"sws-gruppo-iva-iva81-fr","15":"first","16":"onbackorder","17":"purchasable","18":"product-type-simple"},"_links":{"self":[{"href":"https:\/\/lucacastelli.com\/fr\/wp-json\/wp\/v2\/product\/464371","targetHints":{"allow":["GET"]}}],"collection":[{"href":"https:\/\/lucacastelli.com\/fr\/wp-json\/wp\/v2\/product"}],"about":[{"href":"https:\/\/lucacastelli.com\/fr\/wp-json\/wp\/v2\/types\/product"}],"wp:featuredmedia":[{"embeddable":true,"href":"https:\/\/lucacastelli.com\/fr\/wp-json\/wp\/v2\/media\/436693"}],"wp:attachment":[{"href":"https:\/\/lucacastelli.com\/fr\/wp-json\/wp\/v2\/media?parent=464371"}],"wp:term":[{"taxonomy":"product_brand","embeddable":true,"href":"https:\/\/lucacastelli.com\/fr\/wp-json\/wp\/v2\/product_brand?post=464371"},{"taxonomy":"product_cat","embeddable":true,"href":"https:\/\/lucacastelli.com\/fr\/wp-json\/wp\/v2\/product_cat?post=464371"},{"taxonomy":"product_tag","embeddable":true,"href":"https:\/\/lucacastelli.com\/fr\/wp-json\/wp\/v2\/product_tag?post=464371"}],"curies":[{"name":"wp","href":"https:\/\/api.w.org\/{rel}","templated":true}]}}