{"id":464363,"date":"2026-03-04T00:01:24","date_gmt":"2026-03-03T23:01:24","guid":{"rendered":"https:\/\/lucacastelli.com\/prodotto\/fsa-60-r-avec-ak-20-et-al-101\/"},"modified":"2026-03-30T12:55:06","modified_gmt":"2026-03-30T10:55:06","slug":"fsa-60-r-avec-ak-20-et-al-101","status":"publish","type":"product","link":"https:\/\/lucacastelli.com\/fr\/produit\/fsa-60-r-avec-ak-20-et-al-101\/","title":{"rendered":"STIHL FSA 60 R, avec AK 20 et AL 101"},"content":{"rendered":"<p>D\u00e9broussailleuse \u00e0 batterie au design moderne pour l\u2019entretien de la pelouse et des bordures. Diam\u00e8tre de coupe 350 mm. Poign\u00e9e de commande ergonomique avec r\u00e9glage de vitesse continu, poign\u00e9e circulaire, tube en aluminium robuste. \u00c9trier de protection pour le fauchage autour d\u2019obstacles tels que les arbres et les buissons. Avec t\u00eate faucheuse AutoCut C 6-2. La t\u00eate faucheuse PolyCut 6-2 avec couteaux en plastique est disponible en option.<br \/>\n886661344048    <\/p>\n<p>Tension nominale 36<br \/>\nPuissance absorb\u00e9e Puissance absorb\u00e9e<\/p>\n<p>Puissance Puissance<br \/>\nSyst\u00e8me \u00e0 batterie AK<br \/>\nPoids de l\u2019appareil 3,1<\/p>\n","protected":false},"excerpt":{"rendered":"<p>FSA 60 R, avec AK 20 et AL 101<\/p>\n","protected":false},"featured_media":422423,"template":"","meta":{"_seopress_robots_primary_cat":"none","_seopress_titles_title":"","_seopress_titles_desc":"","_seopress_robots_index":""},"product_brand":[3555],"product_cat":[1586,1601,167],"product_tag":[3267],"class_list":{"0":"post-464363","1":"product","2":"type-product","3":"status-publish","4":"has-post-thumbnail","6":"product_brand-stihl-fr","7":"product_cat-debroussailleuses-et-coupe-bordures","8":"product_cat-debroussailleuses-et-coupe-herbes-a-batterie","9":"product_cat-machines","10":"product_tag-import-stihl-fr","11":"sws-gruppo-macchinari-fr","12":"sws-conto-ricavi-merci-rivendita-macchinari-fr","13":"sws-gruppo-iva-iva81-fr","15":"first","16":"instock","17":"sale","18":"purchasable","19":"product-type-simple"},"_links":{"self":[{"href":"https:\/\/lucacastelli.com\/fr\/wp-json\/wp\/v2\/product\/464363","targetHints":{"allow":["GET"]}}],"collection":[{"href":"https:\/\/lucacastelli.com\/fr\/wp-json\/wp\/v2\/product"}],"about":[{"href":"https:\/\/lucacastelli.com\/fr\/wp-json\/wp\/v2\/types\/product"}],"wp:featuredmedia":[{"embeddable":true,"href":"https:\/\/lucacastelli.com\/fr\/wp-json\/wp\/v2\/media\/422423"}],"wp:attachment":[{"href":"https:\/\/lucacastelli.com\/fr\/wp-json\/wp\/v2\/media?parent=464363"}],"wp:term":[{"taxonomy":"product_brand","embeddable":true,"href":"https:\/\/lucacastelli.com\/fr\/wp-json\/wp\/v2\/product_brand?post=464363"},{"taxonomy":"product_cat","embeddable":true,"href":"https:\/\/lucacastelli.com\/fr\/wp-json\/wp\/v2\/product_cat?post=464363"},{"taxonomy":"product_tag","embeddable":true,"href":"https:\/\/lucacastelli.com\/fr\/wp-json\/wp\/v2\/product_tag?post=464363"}],"curies":[{"name":"wp","href":"https:\/\/api.w.org\/{rel}","templated":true}]}}