{"id":464360,"date":"2025-05-31T22:31:24","date_gmt":"2025-05-31T20:31:24","guid":{"rendered":"https:\/\/lucacastelli.com\/prodotto\/fsa-60-r-sans-charge-et-sans-chargeur\/"},"modified":"2026-03-04T15:04:56","modified_gmt":"2026-03-04T14:04:56","slug":"fsa-60-r-sans-charge-et-sans-chargeur","status":"publish","type":"product","link":"https:\/\/lucacastelli.com\/fr\/produit\/fsa-60-r-sans-charge-et-sans-chargeur\/","title":{"rendered":"STIHL FSA 60 R, sans batterie et sans chargeur"},"content":{"rendered":"<p>D\u00e9broussailleuse \u00e0 batterie au design moderne pour l&#8217;entretien de la pelouse et des bordures. Diam\u00e8tre du cercle de coupe 350 mm. Poign\u00e9e de commande ergonomique avec r\u00e9glage continu de la vitesse, poign\u00e9e circulaire, tube robuste en aluminium. Arceau de protection pour la tonte autour d&#8217;obstacles comme les arbres et les arbustes. Avec la t\u00eate de coupe AutoCut C 6-2. En alternative, la t\u00eate de coupe PolyCut 6-2 avec lames en plastique est disponible en accessoire.<br \/>\n886661313693    <\/p>\n<p>Tension nominale 36<br \/>\nPuissance absorb\u00e9e Puissance absorb\u00e9e<\/p>\n<p>Puissance Puissance<br \/>\nSyst\u00e8me de batterie AK<br \/>\nBatterie recommand\u00e9e AK 20<\/p>\n","protected":false},"excerpt":{"rendered":"<p>FSA 60 R, sans batterie et sans chargeur<\/p>\n","protected":false},"featured_media":422409,"template":"","meta":{"_seopress_robots_primary_cat":"","_seopress_titles_title":"","_seopress_titles_desc":"","_seopress_robots_index":""},"product_brand":[3366],"product_cat":[29,270,281],"product_tag":[3265],"class_list":{"0":"post-464360","1":"product","2":"type-product","3":"status-publish","4":"has-post-thumbnail","6":"product_brand-stihl","7":"product_cat-macchinari","8":"product_cat-decespugliatori-e-tagliabordi","9":"product_cat-decespugliatori-e-tagliabordi-a-batteria","10":"product_tag-import-stihl","11":"sws-gruppo-macchinari-fr","12":"sws-conto-ricavi-merci-rivendita-macchinari-fr","13":"sws-gruppo-iva-iva81-fr","15":"first","16":"onbackorder","17":"purchasable","18":"product-type-simple"},"_links":{"self":[{"href":"https:\/\/lucacastelli.com\/fr\/wp-json\/wp\/v2\/product\/464360","targetHints":{"allow":["GET"]}}],"collection":[{"href":"https:\/\/lucacastelli.com\/fr\/wp-json\/wp\/v2\/product"}],"about":[{"href":"https:\/\/lucacastelli.com\/fr\/wp-json\/wp\/v2\/types\/product"}],"wp:featuredmedia":[{"embeddable":true,"href":"https:\/\/lucacastelli.com\/fr\/wp-json\/wp\/v2\/media\/422409"}],"wp:attachment":[{"href":"https:\/\/lucacastelli.com\/fr\/wp-json\/wp\/v2\/media?parent=464360"}],"wp:term":[{"taxonomy":"product_brand","embeddable":true,"href":"https:\/\/lucacastelli.com\/fr\/wp-json\/wp\/v2\/product_brand?post=464360"},{"taxonomy":"product_cat","embeddable":true,"href":"https:\/\/lucacastelli.com\/fr\/wp-json\/wp\/v2\/product_cat?post=464360"},{"taxonomy":"product_tag","embeddable":true,"href":"https:\/\/lucacastelli.com\/fr\/wp-json\/wp\/v2\/product_tag?post=464360"}],"curies":[{"name":"wp","href":"https:\/\/api.w.org\/{rel}","templated":true}]}}