{"id":464357,"date":"2025-05-31T22:31:27","date_gmt":"2025-05-31T20:31:27","guid":{"rendered":"https:\/\/lucacastelli.com\/prodotto\/fsa-86-r-sans-batterie-et-sans-chargeur\/"},"modified":"2026-02-21T19:16:38","modified_gmt":"2026-02-21T18:16:38","slug":"fsa-86-r-sans-batterie-et-sans-chargeur","status":"publish","type":"product","link":"https:\/\/lucacastelli.com\/fr\/produit\/fsa-86-r-sans-batterie-et-sans-chargeur\/","title":{"rendered":"STIHL FSA 86 R, sans charge et sans chargeur"},"content":{"rendered":"<p>D\u00e9broussailleuse sans fil puissante au design moderne pour tondre le long des obstacles, des arbres et des buissons. Diam\u00e8tre du cercle de coupe 350 mm. Poign\u00e9e de commande ergonomique avec r\u00e9glage continu de la vitesse, poign\u00e9e circulaire, tige en aluminium robuste, barre d\u2019espacement. Avec la t\u00eate de coupe AutoCut C 6-2. Alternativement, la t\u00eate de coupe PolyCut 6-2 avec couteaux en plastique est disponible en tant qu\u2019accessoire.<br \/>\n886661336388   <\/p>\n<p>Tension nominale 36<br \/>\nConsommation \u00e9lectrique Consommation \u00e9lectrique<\/p>\n<p>Alimentation Syst\u00e8me de<br \/>\nbatterie AP<br \/>\nBatterie recommand\u00e9e AP 200<\/p>\n","protected":false},"excerpt":{"rendered":"<p>FSA 86 R, sans batterie et sans chargeur<\/p>\n","protected":false},"featured_media":422448,"template":"","meta":{"_seopress_robots_primary_cat":"","_seopress_titles_title":"","_seopress_titles_desc":"","_seopress_robots_index":""},"product_brand":[3555],"product_cat":[1586,1601,167],"product_tag":[3267],"class_list":{"0":"post-464357","1":"product","2":"type-product","3":"status-publish","4":"has-post-thumbnail","6":"product_brand-stihl-fr","7":"product_cat-debroussailleuses-et-coupe-bordures","8":"product_cat-debroussailleuses-et-coupe-herbes-a-batterie","9":"product_cat-machines","10":"product_tag-import-stihl-fr","11":"sws-gruppo-abb-libero-fr","12":"sws-conto-ricavi-merci-rivendita-abbigliamento-fr","13":"sws-gruppo-iva-iva81-fr","15":"first","16":"onbackorder","17":"purchasable","18":"product-type-simple"},"_links":{"self":[{"href":"https:\/\/lucacastelli.com\/fr\/wp-json\/wp\/v2\/product\/464357","targetHints":{"allow":["GET"]}}],"collection":[{"href":"https:\/\/lucacastelli.com\/fr\/wp-json\/wp\/v2\/product"}],"about":[{"href":"https:\/\/lucacastelli.com\/fr\/wp-json\/wp\/v2\/types\/product"}],"wp:featuredmedia":[{"embeddable":true,"href":"https:\/\/lucacastelli.com\/fr\/wp-json\/wp\/v2\/media\/422448"}],"wp:attachment":[{"href":"https:\/\/lucacastelli.com\/fr\/wp-json\/wp\/v2\/media?parent=464357"}],"wp:term":[{"taxonomy":"product_brand","embeddable":true,"href":"https:\/\/lucacastelli.com\/fr\/wp-json\/wp\/v2\/product_brand?post=464357"},{"taxonomy":"product_cat","embeddable":true,"href":"https:\/\/lucacastelli.com\/fr\/wp-json\/wp\/v2\/product_cat?post=464357"},{"taxonomy":"product_tag","embeddable":true,"href":"https:\/\/lucacastelli.com\/fr\/wp-json\/wp\/v2\/product_tag?post=464357"}],"curies":[{"name":"wp","href":"https:\/\/api.w.org\/{rel}","templated":true}]}}