{"id":464343,"date":"2023-05-09T08:52:07","date_gmt":"2023-05-09T06:52:07","guid":{"rendered":"https:\/\/lucacastelli.com\/?post_type=product&#038;p=464343"},"modified":"2025-08-05T13:42:59","modified_gmt":"2025-08-05T11:42:59","slug":"systeme-de-transport","status":"publish","type":"product","link":"https:\/\/lucacastelli.com\/fr\/produit\/systeme-de-transport\/","title":{"rendered":"PORTER LE TIGRE"},"content":{"rendered":"<p>Self-propelled sprayer \/ pulv\u00e9risateur automoteur<br \/>\n Pulv\u00e9risateur automoteur motoris\u00e9 avec cuve de 120 litres. Gr\u00e2ce \u00e0 la r\u00e9partition id\u00e9ale du poids sur les grandes roues motrices<br \/>\net au frein de transmission automatique, la conduite est s\u00fbre m\u00eame sur les terrains accident\u00e9s. La puissante pompe \u00e0 piston \u00e0 membrane 0-30 bar, 29 l\/min permet une large gamme d&#8217;utilisation. Enrouleur de tuyau<br \/>\nL&#8217;enrouleur de tuyau mont\u00e9 peut contenir un tuyau haute pression d&#8217;une longueur maximale de 60 m, sur demande.<br \/>\nEnrouleur motoris\u00e9 \u00e9quip\u00e9 d&#8217;un r\u00e9servoir de 120 litres. La r\u00e9partition optimale du poids sur les rouleaux motoris\u00e9s<br \/>\net le moteur de rotation automatique permettent d&#8217;obtenir une machine stable qui se man\u0153uvre bien m\u00eame sur des terrains accident\u00e9s.<br \/>\nLa puissante pompe \u00e0 membrane avec piston offre une grande polyvalence. Sur demande, le kit enrouleur<br \/>\npeut transporter un tuyau haute pression jusqu&#8217;\u00e0 60 m de long.        <\/p>\n<p>Moteur HONDA GCV160 5 HP OHC \/ hp<br \/>\nGetriebe \/ gearbox in oil bath \/ par engrenages \u00e0 bain d&#8217;huile<br \/>\nGearbox \/ Frein automatische Bremseinrichtung \/ dispositif de freinage d&#8217;automatique<br \/>\nGears \/ Vitesses 1 gear forward and 1 gear reverse \/ 1 marche avant et 1 marche arri\u00e8re<br \/>\nSpeed \/ Vitesse d&#8217;avancement V 3.6 \/ R 2.0 km\/h<br \/>\nEmbrayage \/ Embrayage pour les roues motrices \/ pour les roues motrices<br \/>\nDrive wheels \/ Roues motrices 13&#215;5.00-6 Wide tyres \/ pneus larges 13&#215;5.00-6<br \/>\nPivoting wheels \/ Train arri\u00e8re 2 auf pendulum axle \/ deux roues sur axe pivotant<br \/>\nTank capacity \/ R\u00e9servoir \u00e0 produit 120 l<br \/>\nPompe \/ Pompes 29 l\/min, 0-30 bar<br \/>\nEnrouleur de tuyau \/ Kit d&#8217;enrouleur de tuyau verrouillable \/ \u00e9quip\u00e9 d&#8217;un dispositif de s\u00e9curit\u00e9<br \/>\nLance de pulv\u00e9risation BR4 \/ Lance r\u00e9glable \/ pulv\u00e9risation r\u00e9glable<br \/>\nWeight \/ Poids approx. 80 kg \/ environ<\/p>\n<p>Option &#8211; Transport tray 85 l &#8211; benne de 85 l<br \/>\n&#8211; Metal bridge with plastic tray &#8211; pont m\u00e9tallique et bac en plastique<br \/>\n&#8211; Snow blade 85 cm &#8211; chasse-neige 85 cm<br \/>\n&#8211; Snow chains &#8211; cha\u00eenes \u00e0 neige<\/p>\n","protected":false},"excerpt":{"rendered":"<p>Self-propelled sprayer \/ pulv\u00e9risateur automoteur Pulv\u00e9risateur automoteur motoris\u00e9 avec cuve de 120 litres. Gr\u00e2ce \u00e0 la r\u00e9partition id\u00e9ale du poids<\/p>\n","protected":false},"featured_media":55119,"template":"","meta":{"_seopress_robots_primary_cat":"","_seopress_titles_title":"","_seopress_titles_desc":"","_seopress_robots_index":""},"product_brand":[4712],"product_cat":[1453,1567,167,1576],"product_tag":[],"class_list":{"0":"post-464343","1":"product","2":"type-product","3":"status-publish","4":"has-post-thumbnail","6":"product_brand-stema-fr","7":"product_cat-autres-appareils","8":"product_cat-brumisateurs-et-pulverisateurs","9":"product_cat-machines","10":"product_cat-pulverisateurs-fr","11":"sws-gruppo-macchinari-fr","12":"sws-conto-ricavi-merci-rivendita-macchinari-fr","13":"sws-gruppo-iva-iva81-fr","15":"first","16":"onbackorder","17":"shipping-taxable","18":"purchasable","19":"product-type-simple"},"_links":{"self":[{"href":"https:\/\/lucacastelli.com\/fr\/wp-json\/wp\/v2\/product\/464343","targetHints":{"allow":["GET"]}}],"collection":[{"href":"https:\/\/lucacastelli.com\/fr\/wp-json\/wp\/v2\/product"}],"about":[{"href":"https:\/\/lucacastelli.com\/fr\/wp-json\/wp\/v2\/types\/product"}],"wp:featuredmedia":[{"embeddable":true,"href":"https:\/\/lucacastelli.com\/fr\/wp-json\/wp\/v2\/media\/55119"}],"wp:attachment":[{"href":"https:\/\/lucacastelli.com\/fr\/wp-json\/wp\/v2\/media?parent=464343"}],"wp:term":[{"taxonomy":"product_brand","embeddable":true,"href":"https:\/\/lucacastelli.com\/fr\/wp-json\/wp\/v2\/product_brand?post=464343"},{"taxonomy":"product_cat","embeddable":true,"href":"https:\/\/lucacastelli.com\/fr\/wp-json\/wp\/v2\/product_cat?post=464343"},{"taxonomy":"product_tag","embeddable":true,"href":"https:\/\/lucacastelli.com\/fr\/wp-json\/wp\/v2\/product_tag?post=464343"}],"curies":[{"name":"wp","href":"https:\/\/api.w.org\/{rel}","templated":true}]}}