{"id":464314,"date":"2023-05-18T15:39:15","date_gmt":"2023-05-18T13:39:15","guid":{"rendered":"https:\/\/lucacastelli.com\/prodotto\/stema-cmp-30\/"},"modified":"2025-08-05T13:43:00","modified_gmt":"2025-08-05T11:43:00","slug":"stema-cmp-30","status":"publish","type":"product","link":"https:\/\/lucacastelli.com\/fr\/produit\/stema-cmp-30\/","title":{"rendered":"STEMA CMP 30"},"content":{"rendered":"<p>Un pulv\u00e9risateur pratique pour un usage professionnel et priv\u00e9. Equip\u00e9 de deux roues, facile \u00e0<br \/>\nfacile \u00e0 tirer m\u00eame dans les escaliers. <\/p>\n<p>Einsatzbereich \/ Field of application zum Spritzen von Blumen, Str\u00e4uchern, Pflanzen, Reben, Obstb\u00e4umen<br \/>\netc. \/ flowers, shrubs, plants, vines, fruit trees, etc.<br \/>\nAusr\u00fcstung \/ Equipment komplett ausger\u00fcstet mit 8 m Hochdruckschlauch u. verstellbarer Spritzlanze BR2\/<br \/>\ncomplet : tuyau haute pression de 8 m et lance r\u00e9glable BR2<br \/>\nRahmen \/ Cadre stabiler, gut lackierter Rohrrahmen \/ tubulaire, robuste et soigneusement peint<br \/>\nBeh\u00e4lterinhalt \/ R\u00e9servoir de produit 30 l<br \/>\nAblasshahn \/ Purgeur f\u00fcr Totalentleerung des Beh\u00e4lters \/ for total tank emptying<br \/>\nPumpe \/ Pump legiertes Alu-Gussgeh\u00e4use, stufenlose Druckeinstellung, wahlweise mit :<br \/>\n&#8211; Pompe \u00e9lectrique 230 V, 20l\/min, 0 &#8211; 25 bar<br \/>\n&#8211; Pompe \u00e0 essence 4 temps 3,5 PS OHV, 20l\/min, 0 &#8211; 25 bar<br \/>\nbo\u00eetier en fonte d&#8217;aluminium, r\u00e9glage progressif de la pression, en option avec<br \/>\n&#8211; pompe \u00e9lectrique, 230 V, 20 l\/min, 0-25 bar<br \/>\n&#8211; pompe avec moteur \u00e0 essence 4 temps B&amp;S 3,5 HP OHV, 25 l\/min, 0-25 bar<br \/>\nAbmessung \/ Dimensions L 65 cm, B 55 cm, H 95 cm<\/p>\n","protected":false},"excerpt":{"rendered":"<p>Un pulv\u00e9risateur pratique pour un usage professionnel et priv\u00e9. Equip\u00e9 de deux roues, facile \u00e0 facile \u00e0 tirer m\u00eame dans<\/p>\n","protected":false},"featured_media":55367,"template":"","meta":{"_seopress_robots_primary_cat":"","_seopress_titles_title":"","_seopress_titles_desc":"","_seopress_robots_index":""},"product_brand":[4712],"product_cat":[1567,167,1576],"product_tag":[],"class_list":{"0":"post-464314","1":"product","2":"type-product","3":"status-publish","4":"has-post-thumbnail","6":"product_brand-stema-fr","7":"product_cat-brumisateurs-et-pulverisateurs","8":"product_cat-machines","9":"product_cat-pulverisateurs-fr","11":"first","12":"onbackorder","13":"shipping-taxable","14":"purchasable","15":"product-type-variable"},"_links":{"self":[{"href":"https:\/\/lucacastelli.com\/fr\/wp-json\/wp\/v2\/product\/464314","targetHints":{"allow":["GET"]}}],"collection":[{"href":"https:\/\/lucacastelli.com\/fr\/wp-json\/wp\/v2\/product"}],"about":[{"href":"https:\/\/lucacastelli.com\/fr\/wp-json\/wp\/v2\/types\/product"}],"wp:featuredmedia":[{"embeddable":true,"href":"https:\/\/lucacastelli.com\/fr\/wp-json\/wp\/v2\/media\/55367"}],"wp:attachment":[{"href":"https:\/\/lucacastelli.com\/fr\/wp-json\/wp\/v2\/media?parent=464314"}],"wp:term":[{"taxonomy":"product_brand","embeddable":true,"href":"https:\/\/lucacastelli.com\/fr\/wp-json\/wp\/v2\/product_brand?post=464314"},{"taxonomy":"product_cat","embeddable":true,"href":"https:\/\/lucacastelli.com\/fr\/wp-json\/wp\/v2\/product_cat?post=464314"},{"taxonomy":"product_tag","embeddable":true,"href":"https:\/\/lucacastelli.com\/fr\/wp-json\/wp\/v2\/product_tag?post=464314"}],"curies":[{"name":"wp","href":"https:\/\/api.w.org\/{rel}","templated":true}]}}