{"id":464312,"date":"2023-05-18T15:40:45","date_gmt":"2023-05-18T13:40:45","guid":{"rendered":"https:\/\/lucacastelli.com\/prodotto\/stema-cmp-50\/"},"modified":"2025-08-05T13:43:16","modified_gmt":"2025-08-05T11:43:16","slug":"stema-cmp-50","status":"publish","type":"product","link":"https:\/\/lucacastelli.com\/fr\/produit\/stema-cmp-50\/","title":{"rendered":"STEMA CMP 50"},"content":{"rendered":"<p>Le 2 Rad-Spritze, l\u00e9ger et durable, est con\u00e7u pour un usage professionnel et priv\u00e9. Les 2 R\u00e4der<br \/>\net les 2 St\u00fctzf\u00fcsse garantissent que le pulv\u00e9risateur reste bien en place, m\u00eame dans l&#8217;obscurit\u00e9. <\/p>\n<p>Un pulv\u00e9risateur pratique et maniable avec deux roues pour un usage professionnel et priv\u00e9. Les deux roues<br \/>\nLes deux roues et les deux pieds de support garantissent la stabilit\u00e9 de la machine m\u00eame sur un sol irr\u00e9gulier. <\/p>\n<p>Einsatzbereich \/ Field of application zum Spritzen von Blumen, Str\u00e4uchern, Pflanzen, Reben und Fruchtb\u00e4umen usw. \/ fleurs, arbustes, plantes, vignes, arbres fruitiers, etc.<br \/>\nRahmen \/ Cadre stabiler, dauerhaft lackierter Rohrrahmen \/ tubulaire, robuste et soigneusement peint<br \/>\nAusr\u00fcstung \/ Equipment komplett ausger\u00fcstet mit Hochdruckschlauch und verstellbarer Spritzlanze \/ complete with high-pressure hose and adjustable spray lance<br \/>\nSpritzschlauch \/ Hose 10 m Hochdruckschlauch oder L\u00e4nge nach Bedarf \/ 10 m or more on request<br \/>\nBeh\u00e4lterinhalt \/ R\u00e9servoir de produit 50 l<br \/>\nAnsaugfilter \/ Suction filter aussen montiert und leicht zu reinigen, totale Beh\u00e4lterentleerung \u00fcber Pumpe\/<br \/>\nmont\u00e9 \u00e0 l&#8217;ext\u00e9rieur, facile \u00e0 nettoyer, vidange totale du r\u00e9servoir par une pompe<br \/>\nAblasshahn \/ Purgeur f\u00fcr Totalentleerung des Beh\u00e4lters \/ for total tank emptying<br \/>\nPumpe \/ Pompe legiertes Alu-Gussgeh\u00e4use, stufenlose Druckeinstellung, Schnellentlastung und Manometer,<br \/>\navec :<br \/>\n&#8211; Pompe \u00e0 moteur \u00e9lectrique 230 V, 26l\/min, 0 &#8211; 30 bar<br \/>\n&#8211; Pompe \u00e0 moteur 4 temps 3,5 PS OHV, 25l\/min, 0 &#8211; 25 bar<br \/>\n&#8211; Pompe \u00e0 moteur 4-Takt 3.5 PS OHV, 35l\/min, 0 &#8211; 35 bar<br \/>\ncorps en fonte d&#8217;aluminium, r\u00e9glage continu de la pression, pulv\u00e9risation rapide et manom\u00e8tre,<br \/>\n\u00e9ventuellement avec :<br \/>\n&#8211; pompe \u00e9lectrique, 230 V, 26 l\/min, 0 &#8211; 30 bar<br \/>\n&#8211; pompe avec moteur \u00e0 essence 4 temps B&amp;S 3,5 HP OHV, 25 l\/min, 0 &#8211; 25 bar<br \/>\n&#8211; pompe avec moteur \u00e0 essence 4 temps B&amp;S 3,5 HP OHV, 35 l\/min, 0 &#8211; 35 bar<\/p>\n","protected":false},"excerpt":{"rendered":"<p>Le 2 Rad-Spritze, l\u00e9ger et durable, est con\u00e7u pour un usage professionnel et priv\u00e9. Les 2 R\u00e4der et les 2<\/p>\n","protected":false},"featured_media":55382,"template":"","meta":{"_seopress_robots_primary_cat":"","_seopress_titles_title":"","_seopress_titles_desc":"","_seopress_robots_index":""},"product_brand":[4712],"product_cat":[1567,167,1576],"product_tag":[],"class_list":{"0":"post-464312","1":"product","2":"type-product","3":"status-publish","4":"has-post-thumbnail","6":"product_brand-stema-fr","7":"product_cat-brumisateurs-et-pulverisateurs","8":"product_cat-machines","9":"product_cat-pulverisateurs-fr","11":"first","12":"onbackorder","13":"shipping-taxable","14":"purchasable","15":"product-type-variable"},"_links":{"self":[{"href":"https:\/\/lucacastelli.com\/fr\/wp-json\/wp\/v2\/product\/464312","targetHints":{"allow":["GET"]}}],"collection":[{"href":"https:\/\/lucacastelli.com\/fr\/wp-json\/wp\/v2\/product"}],"about":[{"href":"https:\/\/lucacastelli.com\/fr\/wp-json\/wp\/v2\/types\/product"}],"wp:featuredmedia":[{"embeddable":true,"href":"https:\/\/lucacastelli.com\/fr\/wp-json\/wp\/v2\/media\/55382"}],"wp:attachment":[{"href":"https:\/\/lucacastelli.com\/fr\/wp-json\/wp\/v2\/media?parent=464312"}],"wp:term":[{"taxonomy":"product_brand","embeddable":true,"href":"https:\/\/lucacastelli.com\/fr\/wp-json\/wp\/v2\/product_brand?post=464312"},{"taxonomy":"product_cat","embeddable":true,"href":"https:\/\/lucacastelli.com\/fr\/wp-json\/wp\/v2\/product_cat?post=464312"},{"taxonomy":"product_tag","embeddable":true,"href":"https:\/\/lucacastelli.com\/fr\/wp-json\/wp\/v2\/product_tag?post=464312"}],"curies":[{"name":"wp","href":"https:\/\/api.w.org\/{rel}","templated":true}]}}