{"id":464311,"date":"2023-05-19T06:30:07","date_gmt":"2023-05-19T04:30:07","guid":{"rendered":"https:\/\/lucacastelli.com\/prodotto\/stema-cmp-100\/"},"modified":"2025-08-05T13:43:19","modified_gmt":"2025-08-05T11:43:19","slug":"stema-cmp-100","status":"publish","type":"product","link":"https:\/\/lucacastelli.com\/fr\/produit\/stema-cmp-100\/","title":{"rendered":"STEMA CMP 100"},"content":{"rendered":"<p>Le pulv\u00e9risateur stable est \u00e9quip\u00e9 de 2 grandes roues et de 2 pieds de support pour une bonne tenue sur tous les terrains. Le ch\u00e2ssis robuste de<br \/>\net les pompes \u00e0 moteur \u00e0 longue dur\u00e9e de vie sont destin\u00e9s \u00e0 une utilisation dans le commerce et le secteur priv\u00e9.<br \/>\nprivate. <\/p>\n<p>Pulv\u00e9risateur stable sur tous les terrains, gr\u00e2ce \u00e0 ses deux grandes roues et ses deux pieds d&#8217;appui. Son ch\u00e2ssis robuste<br \/>\net sa pompe motoris\u00e9e durable en font un outil \u00e0 usage professionnel et priv\u00e9. <\/p>\n<p>Area of application \/ Domaine d&#8217;utilisation pour la pulv\u00e9risation des fleurs, arbustes, plantes, vignes et arbres fruitiers, etc.<br \/>\nfruit trees, etc. \/ fleurs, arbustes, plantes, vignes, arbres fruitiers, etc.<br \/>\nFrame \/ Cadre sturdy tubular frame with resistant lacquer finish \/ tubulaire, robuste et soigneusement verni<br \/>\nAusr\u00fcstung \/ \u00c9quipement komplett ausger\u00fcstet mit Hochdruckschlauch und verstellbarer Spritzlanze \/ complet : tuyau \u00e0 haute pression et lance de pulv\u00e9risation r\u00e9glable BR4<br \/>\nSpritzschlauch \/ Tuyau 10 m Hochdruckschlauch oder L\u00e4nge nach Bedarf \/ 10 m ou plus sur demande<br \/>\nTank capacity \/ R\u00e9servoir \u00e0 produit 100 l<br \/>\nFiltre d&#8217;aspiration mont\u00e9 \u00e0 l&#8217;ext\u00e9rieur et facile \u00e0 nettoyer \/ Filtre d&#8217;aspiration, vidange totale par pompe \/<br \/>\nmont\u00e9 \u00e0 l&#8217;ext\u00e9rieur, facile \u00e0 nettoyer, vidange totale du r\u00e9servoir par pompe<br \/>\nDrain tap \/ Purgeur pour la vidange totale du r\u00e9servoir \/ pour la vidange totale du r\u00e9servoir<br \/>\nPompes \/ Corps en alliage d&#8217;aluminium moul\u00e9, r\u00e9gulation continue de la pression, \u00e9chappement rapide et manom\u00e8tre,<br \/>\n  \u00e9ventuellement avec :<br \/>\n&#8211; Pompe \u00e9lectrique 230 V, 26l\/min, 0 &#8211; 30 bar<br \/>\n&#8211; Pompe \u00e0 essence 4 temps 3.5 HP OHV 35l\/min, 0 &#8211; 35 bar<br \/>\n&#8211; Pompe \u00e0 essence 4 temps 5.5 HP OHV 41l\/min, 0 &#8211; 40 bar<br \/>\nbo\u00eetier en aluminium, r\u00e9gulation continue de la pression, pompage rapide et<br \/>\nla falsification, le cas \u00e9ch\u00e9ant avec :<br \/>\n&#8211; pompe \u00e9lectrique, 230 V, 26 l\/min, 0-30 bar<br \/>\n&#8211; pompe \u00e9quip\u00e9e d&#8217;un moteur B&amp;S 3,5 hp OHV 4 temps, 35 l\/min, 0 &#8211; 35 bar<br \/>\n&#8211; pompe \u00e9quip\u00e9e d&#8217;un moteur B&amp;S 5.5 hp OHV 4-stroke essence, 41 l\/min, 0 &#8211; 40 bar<br \/>\nAbmessung \/ Dimensions L 165 cm, L 75 cm, H 102 cm<\/p>\n","protected":false},"excerpt":{"rendered":"<p>Le pulv\u00e9risateur stable est \u00e9quip\u00e9 de 2 grandes roues et de 2 pieds de support pour une bonne tenue sur<\/p>\n","protected":false},"featured_media":55402,"template":"","meta":{"_seopress_robots_primary_cat":"","_seopress_titles_title":"","_seopress_titles_desc":"","_seopress_robots_index":""},"product_brand":[4390],"product_cat":[29,499,534],"product_tag":[],"class_list":{"0":"post-464311","1":"product","2":"type-product","3":"status-publish","4":"has-post-thumbnail","6":"product_brand-stema","7":"product_cat-macchinari","8":"product_cat-atomizzatori-e-irroratori","9":"product_cat-irroratori-atomizzatori-e-irroratori","11":"first","12":"onbackorder","13":"shipping-taxable","14":"purchasable","15":"product-type-variable"},"_links":{"self":[{"href":"https:\/\/lucacastelli.com\/fr\/wp-json\/wp\/v2\/product\/464311","targetHints":{"allow":["GET"]}}],"collection":[{"href":"https:\/\/lucacastelli.com\/fr\/wp-json\/wp\/v2\/product"}],"about":[{"href":"https:\/\/lucacastelli.com\/fr\/wp-json\/wp\/v2\/types\/product"}],"wp:featuredmedia":[{"embeddable":true,"href":"https:\/\/lucacastelli.com\/fr\/wp-json\/wp\/v2\/media\/55402"}],"wp:attachment":[{"href":"https:\/\/lucacastelli.com\/fr\/wp-json\/wp\/v2\/media?parent=464311"}],"wp:term":[{"taxonomy":"product_brand","embeddable":true,"href":"https:\/\/lucacastelli.com\/fr\/wp-json\/wp\/v2\/product_brand?post=464311"},{"taxonomy":"product_cat","embeddable":true,"href":"https:\/\/lucacastelli.com\/fr\/wp-json\/wp\/v2\/product_cat?post=464311"},{"taxonomy":"product_tag","embeddable":true,"href":"https:\/\/lucacastelli.com\/fr\/wp-json\/wp\/v2\/product_tag?post=464311"}],"curies":[{"name":"wp","href":"https:\/\/api.w.org\/{rel}","templated":true}]}}