{"id":464288,"date":"2023-05-19T06:31:58","date_gmt":"2023-05-19T04:31:58","guid":{"rendered":"https:\/\/lucacastelli.com\/prodotto\/stema-cmp-200\/"},"modified":"2025-08-05T13:43:17","modified_gmt":"2025-08-05T11:43:17","slug":"stema-cmp-200","status":"publish","type":"product","link":"https:\/\/lucacastelli.com\/fr\/produit\/stema-cmp-200\/","title":{"rendered":"STEMA CMP 200"},"content":{"rendered":"<p>Large Karrenspritze avec beaucoup de contenu. Stabiler Rohrrahmen mit grossen R\u00e4dern f\u00fcr leichtes Schieben und einem<br \/>\nSt\u00fctzfuss pour un tr\u00e8s bon stand. Plus facile \u00e0 utiliser gr\u00e2ce \u00e0 la structure de maintien id\u00e9ale, m\u00eame dans le cas des glaciers.  <\/p>\n<p>Grand pulv\u00e9risateur avec r\u00e9servoir de grande capacit\u00e9. Ch\u00e2ssis tubulaire robuste avec grandes roues pour faciliter les d\u00e9placements.<br \/>\npour faciliter les d\u00e9placements et un pied d&#8217;appui pour la stabilit\u00e9. La r\u00e9partition optimale du poids emp\u00eache la<br \/>\nLa r\u00e9partition optimale du poids emp\u00eache la machine de basculer, m\u00eame sur un sol irr\u00e9gulier.  <\/p>\n<p>Einsatzbereich \/ Field of application G\u00e4rtnerei, Baumschule, Obstbau, Weinbau, Gem\u00fcsebau \/ entreprises horticoles, p\u00e9pini\u00e8res, vergers, vignobles, horticulture<br \/>\nRahmen \/ Cadre stabiler Stahlrohrrahmen mit Einbrennlackierung \/ tubulaire, robuste et soigneusement peint<br \/>\nBereifung \/ wheels grosse R\u00e4der 4.00 &#8211; 10 mit Kugellager \/ large wheels with ball bearings<br \/>\nAusr\u00fcstung \/ Equipment with Einhand-Spritzlanze BR4 \/ BR4 single-handed spray lance<br \/>\nSpritzschlauch \/ Tuyau 10 m Hochdruckschlauch oder L\u00e4nge nach Bedarf \/ high pressure, 10 m or more on<br \/>\n  sur demande<br \/>\nBeh\u00e4lterinhalt \/ R\u00e9servoir de produit 200 l<br \/>\nAnsaugfilter \/ Suction filter aussen montiert und leicht zu reinigen, mit Totalentleerung \u00fcber Pumpe \/<br \/>\nmont\u00e9 \u00e0 l&#8217;ext\u00e9rieur, facile \u00e0 nettoyer, vidange totale du r\u00e9servoir par une pompe<br \/>\nAblasshahn \/ Purgeur f\u00fcr Totalentleerung des Beh\u00e4lters \/ for total tank emptying<br \/>\nPumpe \/ Pompe mit legiertem Alu-Gussgeh\u00e4use, stufenloser Druckeinstellung, Schnellentlastung und<br \/>\nManom\u00e8tre, \u00e9galement avec :<br \/>\n&#8211; Pompe \u00e9lectrique 230 V, 26 l\/min, 0 &#8211; 30 bar<br \/>\n&#8211; Moteur \u00e0 essence 4 temps 3,5 PS OHV, 35 l\/min, 0 &#8211; 35 bar<br \/>\n&#8211; Moteur Benzinmotor 4-Takt 5.5 PS OHV, 41 l\/min, 0 &#8211; 40 bar<br \/>\nbo\u00eetier en aluminium moul\u00e9, r\u00e9glage continu de la pression, pulv\u00e9risation rapide et manom\u00e8tre,<br \/>\n\u00e9ventuellement avec :<br \/>\n&#8211; pompe \u00e9lectrique, 230 V, 26 l\/min, 0-30 bar<br \/>\n  &#8211; pompe avec moteur \u00e0 essence 4 temps B&amp;S 3,5 HP OHV, 35 l\/min, 0 &#8211; 35 bar<br \/>\n  &#8211; pompe avec moteur \u00e0 essence 4 temps B&amp;S 5,5 HP OHV, 41 l\/min, 0 &#8211; 40 bar<\/p>\n","protected":false},"excerpt":{"rendered":"<p>Large Karrenspritze avec beaucoup de contenu. Stabiler Rohrrahmen mit grossen R\u00e4dern f\u00fcr leichtes Schieben und einem St\u00fctzfuss pour un tr\u00e8s<\/p>\n","protected":false},"featured_media":55422,"template":"","meta":{"_seopress_robots_primary_cat":"","_seopress_titles_title":"","_seopress_titles_desc":"","_seopress_robots_index":""},"product_brand":[4712],"product_cat":[1567,167,1576],"product_tag":[],"class_list":{"0":"post-464288","1":"product","2":"type-product","3":"status-publish","4":"has-post-thumbnail","6":"product_brand-stema-fr","7":"product_cat-brumisateurs-et-pulverisateurs","8":"product_cat-machines","9":"product_cat-pulverisateurs-fr","11":"first","12":"onbackorder","13":"shipping-taxable","14":"purchasable","15":"product-type-variable"},"_links":{"self":[{"href":"https:\/\/lucacastelli.com\/fr\/wp-json\/wp\/v2\/product\/464288","targetHints":{"allow":["GET"]}}],"collection":[{"href":"https:\/\/lucacastelli.com\/fr\/wp-json\/wp\/v2\/product"}],"about":[{"href":"https:\/\/lucacastelli.com\/fr\/wp-json\/wp\/v2\/types\/product"}],"wp:featuredmedia":[{"embeddable":true,"href":"https:\/\/lucacastelli.com\/fr\/wp-json\/wp\/v2\/media\/55422"}],"wp:attachment":[{"href":"https:\/\/lucacastelli.com\/fr\/wp-json\/wp\/v2\/media?parent=464288"}],"wp:term":[{"taxonomy":"product_brand","embeddable":true,"href":"https:\/\/lucacastelli.com\/fr\/wp-json\/wp\/v2\/product_brand?post=464288"},{"taxonomy":"product_cat","embeddable":true,"href":"https:\/\/lucacastelli.com\/fr\/wp-json\/wp\/v2\/product_cat?post=464288"},{"taxonomy":"product_tag","embeddable":true,"href":"https:\/\/lucacastelli.com\/fr\/wp-json\/wp\/v2\/product_tag?post=464288"}],"curies":[{"name":"wp","href":"https:\/\/api.w.org\/{rel}","templated":true}]}}