{"id":464282,"date":"2024-02-28T20:57:42","date_gmt":"2024-02-28T19:57:42","guid":{"rendered":"https:\/\/lucacastelli.com\/prodotto\/akku-rucksack-spruhgerat-basisgerat-m18bpfph-401\/"},"modified":"2024-02-28T20:57:42","modified_gmt":"2024-02-28T19:57:42","slug":"akku-rucksack-spruhgerat-basisgerat-m18bpfph-401","status":"publish","type":"product","link":"https:\/\/lucacastelli.com\/fr\/produit\/akku-rucksack-spruhgerat-basisgerat-m18bpfph-401\/","title":{"rendered":"Akku-Rucksack-Spr\u00fchger\u00e4t &#8211; Basisger\u00e4t M18BPFPH-401"},"content":{"rendered":"<p>Conception modulaire : Une base peut \u00eatre utilis\u00e9e avec plusieurs r\u00e9servoirs en raison de sa polyvalence.<br \/>\nAvec disque s\u00e9lecteur de pression r\u00e9glable pour s\u2019adapter au mieux aux besoins de l\u2019utilisateur<br \/>\nEnsemble de r\u00e9servoir suppl\u00e9mentaire et interchangeable pour \u00e9viter la contamination chimique<br \/>\nL\u2019ensemble de r\u00e9servoir interchangeable r\u00e9duit les co\u00fbts d\u2019exploitation<br \/>\nPression instantan\u00e9e, constante et r\u00e9glable pour un contr\u00f4le maximal<br \/>\nLe bouton de r\u00e9glage de la pression \u00e0 5 modes ajuste la pression entre 20 et 120 PSI, ce qui vous permet d\u2019effectuer une large gamme d\u2019applications<br \/>\nJusqu\u2019\u00e0 120 PSI (8,3 bar) et distance de pulv\u00e9risation de 25&#8221;<br \/>\nAutonomie : jusqu\u2019\u00e0 12 r\u00e9servoirs par charge avec batterie M18\u2122 REDLITHIUM\u2122 XC3.0<br \/>\nJoints critiques : Viton\u00ae pour une r\u00e9sistance chimique accrue<br \/>\nPompe \u00e0 double membrane : pour une dur\u00e9e de vie plus longue de la pompe<br \/>\nGrande ouverture de col et filtre : pour un versement plus facile et sans gaspillage<br \/>\nLarges bretelles pour plus de confort lors de cycles de travail plus longs<br \/>\nPoign\u00e9e de transport pour un transport et un rangement pratiques<br \/>\nR\u00e9servoirs rempla\u00e7ables, sans pompage manuel<\/p>\n<p>Caract\u00e9ristiques techniques&nbsp;:<br \/>\nLongueur&nbsp;: 25 cm<br \/>\nLargeur&nbsp;: 33 cm<br \/>\nSyst\u00e8me de batterie M18<br \/>\nPoids&nbsp;: 7,4 kg<br \/>\nHauteur&nbsp;: 55 cm<br \/>\nAliment\u00e9 par batterie<\/p>\n<p>Contenu de la livraison Pulv\u00e9risateur \u00e0 dos sans fil &#8211; unit\u00e9 de base<br \/>\n1x 4Ah 18V<br \/>\nchargeur de<br \/>\nbatterie M12-18 C<br \/>\nATTENTION : sans r\u00e9servoir<\/p>\n","protected":false},"excerpt":{"rendered":"<p>Conception modulaire : Une base peut \u00eatre utilis\u00e9e avec plusieurs r\u00e9servoirs en raison de sa polyvalence. Avec disque s\u00e9lecteur de<\/p>\n","protected":false},"featured_media":57744,"template":"","meta":{"_seopress_robots_primary_cat":"","_seopress_titles_title":"","_seopress_titles_desc":"","_seopress_robots_index":""},"product_brand":[3658],"product_cat":[1567,167,1576],"product_tag":[],"class_list":{"0":"post-464282","1":"product","2":"type-product","3":"status-publish","4":"has-post-thumbnail","6":"product_brand-milwaukee-fr","7":"product_cat-brumisateurs-et-pulverisateurs","8":"product_cat-machines","9":"product_cat-pulverisateurs-fr","11":"first","12":"onbackorder","13":"shipping-taxable","14":"purchasable","15":"product-type-simple"},"_links":{"self":[{"href":"https:\/\/lucacastelli.com\/fr\/wp-json\/wp\/v2\/product\/464282","targetHints":{"allow":["GET"]}}],"collection":[{"href":"https:\/\/lucacastelli.com\/fr\/wp-json\/wp\/v2\/product"}],"about":[{"href":"https:\/\/lucacastelli.com\/fr\/wp-json\/wp\/v2\/types\/product"}],"wp:featuredmedia":[{"embeddable":true,"href":"https:\/\/lucacastelli.com\/fr\/wp-json\/wp\/v2\/media\/57744"}],"wp:attachment":[{"href":"https:\/\/lucacastelli.com\/fr\/wp-json\/wp\/v2\/media?parent=464282"}],"wp:term":[{"taxonomy":"product_brand","embeddable":true,"href":"https:\/\/lucacastelli.com\/fr\/wp-json\/wp\/v2\/product_brand?post=464282"},{"taxonomy":"product_cat","embeddable":true,"href":"https:\/\/lucacastelli.com\/fr\/wp-json\/wp\/v2\/product_cat?post=464282"},{"taxonomy":"product_tag","embeddable":true,"href":"https:\/\/lucacastelli.com\/fr\/wp-json\/wp\/v2\/product_tag?post=464282"}],"curies":[{"name":"wp","href":"https:\/\/api.w.org\/{rel}","templated":true}]}}