{"id":464269,"date":"2025-05-31T22:48:17","date_gmt":"2025-05-31T20:48:17","guid":{"rendered":"https:\/\/lucacastelli.com\/prodotto\/tube-dextension-15-cm\/"},"modified":"2025-06-28T19:40:00","modified_gmt":"2025-06-28T17:40:00","slug":"tube-dextension-15-cm","status":"publish","type":"product","link":"https:\/\/lucacastelli.com\/fr\/produit\/tube-dextension-15-cm\/","title":{"rendered":"STIHL Tube d\u2019extension 15 cm"},"content":{"rendered":"<p>Id\u00e9al pour traiter les plantes difficiles d\u2019acc\u00e8s telles que les haies \u00e9pineuses ou les rosiers avec le pulv\u00e9risateur manuel.<br \/>\n795711481391<\/p>\n","protected":false},"excerpt":{"rendered":"<p>Tube d\u2019extension 15 cm<\/p>\n","protected":false},"featured_media":423141,"template":"","meta":{"_seopress_robots_primary_cat":"","_seopress_titles_title":"","_seopress_titles_desc":"","_seopress_robots_index":""},"product_brand":[3555],"product_cat":[1567,167,1576,1516],"product_tag":[3267],"class_list":{"0":"post-464269","1":"product","2":"type-product","3":"status-publish","4":"has-post-thumbnail","6":"product_brand-stihl-fr","7":"product_cat-brumisateurs-et-pulverisateurs","8":"product_cat-machines","9":"product_cat-pulverisateurs-fr","10":"product_cat-pulverisateurs","11":"product_tag-import-stihl-fr","12":"sws-gruppo-macchinari-fr","13":"sws-conto-ricavi-merci-rivendita-macchinari-fr","14":"sws-gruppo-iva-iva81-fr","16":"first","17":"onbackorder","18":"purchasable","19":"product-type-simple"},"_links":{"self":[{"href":"https:\/\/lucacastelli.com\/fr\/wp-json\/wp\/v2\/product\/464269","targetHints":{"allow":["GET"]}}],"collection":[{"href":"https:\/\/lucacastelli.com\/fr\/wp-json\/wp\/v2\/product"}],"about":[{"href":"https:\/\/lucacastelli.com\/fr\/wp-json\/wp\/v2\/types\/product"}],"wp:featuredmedia":[{"embeddable":true,"href":"https:\/\/lucacastelli.com\/fr\/wp-json\/wp\/v2\/media\/423141"}],"wp:attachment":[{"href":"https:\/\/lucacastelli.com\/fr\/wp-json\/wp\/v2\/media?parent=464269"}],"wp:term":[{"taxonomy":"product_brand","embeddable":true,"href":"https:\/\/lucacastelli.com\/fr\/wp-json\/wp\/v2\/product_brand?post=464269"},{"taxonomy":"product_cat","embeddable":true,"href":"https:\/\/lucacastelli.com\/fr\/wp-json\/wp\/v2\/product_cat?post=464269"},{"taxonomy":"product_tag","embeddable":true,"href":"https:\/\/lucacastelli.com\/fr\/wp-json\/wp\/v2\/product_tag?post=464269"}],"curies":[{"name":"wp","href":"https:\/\/api.w.org\/{rel}","templated":true}]}}