{"id":464267,"date":"2025-05-31T22:48:23","date_gmt":"2025-05-31T20:48:23","guid":{"rendered":"https:\/\/lucacastelli.com\/prodotto\/tube-telescopique-sg-20\/"},"modified":"2025-06-28T19:40:07","modified_gmt":"2025-06-28T17:40:07","slug":"tube-telescopique-sg-20","status":"publish","type":"product","link":"https:\/\/lucacastelli.com\/fr\/produit\/tube-telescopique-sg-20\/","title":{"rendered":"STIHL Tube t\u00e9lescopique, SG 20"},"content":{"rendered":"<p>Peut \u00eatre retir\u00e9, augmente continuellement le rayon de travail jusqu\u2019\u00e0 90 cm \/ 300 cm.<br \/>\n795711352776<\/p>\n","protected":false},"excerpt":{"rendered":"<p>Tube t\u00e9lescopique, SG 20<\/p>\n","protected":false},"featured_media":423146,"template":"","meta":{"_seopress_robots_primary_cat":"","_seopress_titles_title":"","_seopress_titles_desc":"","_seopress_robots_index":""},"product_brand":[3366],"product_cat":[29,516,499,534],"product_tag":[3265],"class_list":{"0":"post-464267","1":"product","2":"type-product","3":"status-publish","4":"has-post-thumbnail","6":"product_brand-stihl","7":"product_cat-macchinari","8":"product_cat-irroratori","9":"product_cat-atomizzatori-e-irroratori","10":"product_cat-irroratori-atomizzatori-e-irroratori","11":"product_tag-import-stihl","12":"sws-gruppo-macchinari-fr","13":"sws-conto-ricavi-merci-rivendita-macchinari-fr","14":"sws-gruppo-iva-iva81-fr","16":"first","17":"onbackorder","18":"purchasable","19":"product-type-simple"},"_links":{"self":[{"href":"https:\/\/lucacastelli.com\/fr\/wp-json\/wp\/v2\/product\/464267","targetHints":{"allow":["GET"]}}],"collection":[{"href":"https:\/\/lucacastelli.com\/fr\/wp-json\/wp\/v2\/product"}],"about":[{"href":"https:\/\/lucacastelli.com\/fr\/wp-json\/wp\/v2\/types\/product"}],"wp:featuredmedia":[{"embeddable":true,"href":"https:\/\/lucacastelli.com\/fr\/wp-json\/wp\/v2\/media\/423146"}],"wp:attachment":[{"href":"https:\/\/lucacastelli.com\/fr\/wp-json\/wp\/v2\/media?parent=464267"}],"wp:term":[{"taxonomy":"product_brand","embeddable":true,"href":"https:\/\/lucacastelli.com\/fr\/wp-json\/wp\/v2\/product_brand?post=464267"},{"taxonomy":"product_cat","embeddable":true,"href":"https:\/\/lucacastelli.com\/fr\/wp-json\/wp\/v2\/product_cat?post=464267"},{"taxonomy":"product_tag","embeddable":true,"href":"https:\/\/lucacastelli.com\/fr\/wp-json\/wp\/v2\/product_tag?post=464267"}],"curies":[{"name":"wp","href":"https:\/\/api.w.org\/{rel}","templated":true}]}}