{"id":464262,"date":"2025-06-01T00:33:55","date_gmt":"2025-05-31T22:33:55","guid":{"rendered":"https:\/\/lucacastelli.com\/prodotto\/engrenage-coude\/"},"modified":"2025-07-28T13:30:20","modified_gmt":"2025-07-28T11:30:20","slug":"engrenage-coude","status":"publish","type":"product","link":"https:\/\/lucacastelli.com\/fr\/produit\/engrenage-coude\/","title":{"rendered":"STIHL Engrenage coud\u00e9"},"content":{"rendered":"<p>\u00c0 utiliser avec les outils Kombi HT-KM et HL-KM (mod\u00e8le 0\u00b0).<br \/>\n795711201951<\/p>\n","protected":false},"excerpt":{"rendered":"<p>Engrenage coud\u00e9<\/p>\n","protected":false},"featured_media":430290,"template":"","meta":{"_seopress_robots_primary_cat":"","_seopress_titles_title":"","_seopress_titles_desc":"","_seopress_robots_index":""},"product_brand":[3366],"product_cat":[29,499,500],"product_tag":[3265],"class_list":{"0":"post-464262","1":"product","2":"type-product","3":"status-publish","4":"has-post-thumbnail","6":"product_brand-stihl","7":"product_cat-macchinari","8":"product_cat-atomizzatori-e-irroratori","9":"product_cat-atomizzatori-a-motore","10":"product_tag-import-stihl","11":"sws-gruppo-macchinari-fr","12":"sws-conto-ricavi-merci-rivendita-macchinari-fr","13":"sws-gruppo-iva-iva81-fr","15":"first","16":"onbackorder","17":"purchasable","18":"product-type-simple"},"_links":{"self":[{"href":"https:\/\/lucacastelli.com\/fr\/wp-json\/wp\/v2\/product\/464262","targetHints":{"allow":["GET"]}}],"collection":[{"href":"https:\/\/lucacastelli.com\/fr\/wp-json\/wp\/v2\/product"}],"about":[{"href":"https:\/\/lucacastelli.com\/fr\/wp-json\/wp\/v2\/types\/product"}],"wp:featuredmedia":[{"embeddable":true,"href":"https:\/\/lucacastelli.com\/fr\/wp-json\/wp\/v2\/media\/430290"}],"wp:attachment":[{"href":"https:\/\/lucacastelli.com\/fr\/wp-json\/wp\/v2\/media?parent=464262"}],"wp:term":[{"taxonomy":"product_brand","embeddable":true,"href":"https:\/\/lucacastelli.com\/fr\/wp-json\/wp\/v2\/product_brand?post=464262"},{"taxonomy":"product_cat","embeddable":true,"href":"https:\/\/lucacastelli.com\/fr\/wp-json\/wp\/v2\/product_cat?post=464262"},{"taxonomy":"product_tag","embeddable":true,"href":"https:\/\/lucacastelli.com\/fr\/wp-json\/wp\/v2\/product_tag?post=464262"}],"curies":[{"name":"wp","href":"https:\/\/api.w.org\/{rel}","templated":true}]}}