{"id":464260,"date":"2025-05-31T22:48:42","date_gmt":"2025-05-31T20:48:42","guid":{"rendered":"https:\/\/lucacastelli.com\/prodotto\/buse-a-fourche-pour-sg-20\/"},"modified":"2025-06-28T19:40:19","modified_gmt":"2025-06-28T17:40:19","slug":"buse-a-fourche-pour-sg-20","status":"publish","type":"product","link":"https:\/\/lucacastelli.com\/fr\/produit\/buse-a-fourche-pour-sg-20\/","title":{"rendered":"STIHL Buse \u00e0 fourche pour SG 20"},"content":{"rendered":"<p>Id\u00e9al pour traiter de grandes surfaces ou deux parterres de fleurs en m\u00eame temps, r\u00e9glage individuel de la direction de la buse.<br \/>\n795711532352<\/p>\n","protected":false},"excerpt":{"rendered":"<p>Buse \u00e0 fourche pour SG 20<\/p>\n","protected":false},"featured_media":423151,"template":"","meta":{"_seopress_robots_primary_cat":"","_seopress_titles_title":"","_seopress_titles_desc":"","_seopress_robots_index":""},"product_brand":[3555],"product_cat":[1567,167,1516,1576],"product_tag":[3267],"class_list":{"0":"post-464260","1":"product","2":"type-product","3":"status-publish","4":"has-post-thumbnail","6":"product_brand-stihl-fr","7":"product_cat-brumisateurs-et-pulverisateurs","8":"product_cat-machines","9":"product_cat-pulverisateurs","10":"product_cat-pulverisateurs-fr","11":"product_tag-import-stihl-fr","12":"sws-gruppo-macchinari-fr","13":"sws-conto-ricavi-merci-rivendita-macchinari-fr","14":"sws-gruppo-iva-iva81-fr","16":"first","17":"onbackorder","18":"purchasable","19":"product-type-simple"},"_links":{"self":[{"href":"https:\/\/lucacastelli.com\/fr\/wp-json\/wp\/v2\/product\/464260","targetHints":{"allow":["GET"]}}],"collection":[{"href":"https:\/\/lucacastelli.com\/fr\/wp-json\/wp\/v2\/product"}],"about":[{"href":"https:\/\/lucacastelli.com\/fr\/wp-json\/wp\/v2\/types\/product"}],"wp:featuredmedia":[{"embeddable":true,"href":"https:\/\/lucacastelli.com\/fr\/wp-json\/wp\/v2\/media\/423151"}],"wp:attachment":[{"href":"https:\/\/lucacastelli.com\/fr\/wp-json\/wp\/v2\/media?parent=464260"}],"wp:term":[{"taxonomy":"product_brand","embeddable":true,"href":"https:\/\/lucacastelli.com\/fr\/wp-json\/wp\/v2\/product_brand?post=464260"},{"taxonomy":"product_cat","embeddable":true,"href":"https:\/\/lucacastelli.com\/fr\/wp-json\/wp\/v2\/product_cat?post=464260"},{"taxonomy":"product_tag","embeddable":true,"href":"https:\/\/lucacastelli.com\/fr\/wp-json\/wp\/v2\/product_tag?post=464260"}],"curies":[{"name":"wp","href":"https:\/\/api.w.org\/{rel}","templated":true}]}}