{"id":464258,"date":"2025-06-01T00:42:31","date_gmt":"2025-05-31T22:42:31","guid":{"rendered":"https:\/\/lucacastelli.com\/prodotto\/kit-de-pompe-a-pression\/"},"modified":"2025-06-28T18:05:09","modified_gmt":"2025-06-28T16:05:09","slug":"kit-de-pompe-a-pression","status":"publish","type":"product","link":"https:\/\/lucacastelli.com\/fr\/produit\/kit-de-pompe-a-pression\/","title":{"rendered":"STIHL Kit de pompe \u00e0 pression"},"content":{"rendered":"<p>La pompe \u00e0 pression maintient le d\u00e9bit constant et m\u00e9lange le liquide dans le r\u00e9servoir.<br \/>\n795711958732<\/p>\n","protected":false},"excerpt":{"rendered":"<p>Kit de pompe \u00e0 pression<\/p>\n","protected":false},"featured_media":423113,"template":"","meta":{"_seopress_robots_primary_cat":"","_seopress_titles_title":"","_seopress_titles_desc":"","_seopress_robots_index":""},"product_brand":[3555],"product_cat":[167,1567,1573],"product_tag":[3267],"class_list":{"0":"post-464258","1":"product","2":"type-product","3":"status-publish","4":"has-post-thumbnail","6":"product_brand-stihl-fr","7":"product_cat-machines","8":"product_cat-brumisateurs-et-pulverisateurs","9":"product_cat-pulverisateurs-a-moteur","10":"product_tag-import-stihl-fr","11":"sws-gruppo-macchinari-fr","12":"sws-conto-ricavi-merci-rivendita-macchinari-fr","13":"sws-gruppo-iva-iva81-fr","15":"first","16":"onbackorder","17":"purchasable","18":"product-type-simple"},"_links":{"self":[{"href":"https:\/\/lucacastelli.com\/fr\/wp-json\/wp\/v2\/product\/464258","targetHints":{"allow":["GET"]}}],"collection":[{"href":"https:\/\/lucacastelli.com\/fr\/wp-json\/wp\/v2\/product"}],"about":[{"href":"https:\/\/lucacastelli.com\/fr\/wp-json\/wp\/v2\/types\/product"}],"wp:featuredmedia":[{"embeddable":true,"href":"https:\/\/lucacastelli.com\/fr\/wp-json\/wp\/v2\/media\/423113"}],"wp:attachment":[{"href":"https:\/\/lucacastelli.com\/fr\/wp-json\/wp\/v2\/media?parent=464258"}],"wp:term":[{"taxonomy":"product_brand","embeddable":true,"href":"https:\/\/lucacastelli.com\/fr\/wp-json\/wp\/v2\/product_brand?post=464258"},{"taxonomy":"product_cat","embeddable":true,"href":"https:\/\/lucacastelli.com\/fr\/wp-json\/wp\/v2\/product_cat?post=464258"},{"taxonomy":"product_tag","embeddable":true,"href":"https:\/\/lucacastelli.com\/fr\/wp-json\/wp\/v2\/product_tag?post=464258"}],"curies":[{"name":"wp","href":"https:\/\/api.w.org\/{rel}","templated":true}]}}