{"id":464252,"date":"2025-06-01T00:45:21","date_gmt":"2025-05-31T22:45:21","guid":{"rendered":"https:\/\/lucacastelli.com\/prodotto\/sr-430\/"},"modified":"2025-08-08T09:23:47","modified_gmt":"2025-08-08T07:23:47","slug":"sr-430","status":"publish","type":"product","link":"https:\/\/lucacastelli.com\/fr\/produit\/sr-430\/","title":{"rendered":"Tondeuse dorsale STIHL SR 430"},"content":{"rendered":"<p>Atomiseur dorsal puissant pour distribuer des pesticides sur de grandes surfaces. Avec un lancer allant jusqu\u2019\u00e0 14,5 m\u00e8tres et un \u00e9quipement confortable de s\u00e9rie, il permet un travail efficace et sans fatigue.<br \/>\n795711363512 <\/p>\n<p>D\u00e9placement 63.3<br \/>\nCO2 CO2<\/p>\n<p>Poids de l\u2019appareil Poids<br \/>\nde l\u2019appareil Capacit\u00e9 du r\u00e9cipient 14.0<br \/>\nD\u00e9bit d\u2019air hors syst\u00e8me 1300<\/p>\n","protected":false},"excerpt":{"rendered":"<p>SR 430<\/p>\n","protected":false},"featured_media":430810,"template":"","meta":{"_seopress_robots_primary_cat":"none","_seopress_titles_title":"","_seopress_titles_desc":"","_seopress_robots_index":""},"product_brand":[3366],"product_cat":[29,499,500],"product_tag":[3265],"class_list":{"0":"post-464252","1":"product","2":"type-product","3":"status-publish","4":"has-post-thumbnail","6":"product_brand-stihl","7":"product_cat-macchinari","8":"product_cat-atomizzatori-e-irroratori","9":"product_cat-atomizzatori-a-motore","10":"product_tag-import-stihl","11":"sws-gruppo-macchinari-fr","12":"sws-conto-ricavi-merci-rivendita-macchinari-fr","13":"sws-gruppo-iva-iva81-fr","15":"first","16":"onbackorder","17":"purchasable","18":"product-type-simple"},"_links":{"self":[{"href":"https:\/\/lucacastelli.com\/fr\/wp-json\/wp\/v2\/product\/464252","targetHints":{"allow":["GET"]}}],"collection":[{"href":"https:\/\/lucacastelli.com\/fr\/wp-json\/wp\/v2\/product"}],"about":[{"href":"https:\/\/lucacastelli.com\/fr\/wp-json\/wp\/v2\/types\/product"}],"wp:featuredmedia":[{"embeddable":true,"href":"https:\/\/lucacastelli.com\/fr\/wp-json\/wp\/v2\/media\/430810"}],"wp:attachment":[{"href":"https:\/\/lucacastelli.com\/fr\/wp-json\/wp\/v2\/media?parent=464252"}],"wp:term":[{"taxonomy":"product_brand","embeddable":true,"href":"https:\/\/lucacastelli.com\/fr\/wp-json\/wp\/v2\/product_brand?post=464252"},{"taxonomy":"product_cat","embeddable":true,"href":"https:\/\/lucacastelli.com\/fr\/wp-json\/wp\/v2\/product_cat?post=464252"},{"taxonomy":"product_tag","embeddable":true,"href":"https:\/\/lucacastelli.com\/fr\/wp-json\/wp\/v2\/product_tag?post=464252"}],"curies":[{"name":"wp","href":"https:\/\/api.w.org\/{rel}","templated":true}]}}