{"id":464240,"date":"2025-06-01T00:51:08","date_gmt":"2025-05-31T22:51:08","guid":{"rendered":"https:\/\/lucacastelli.com\/prodotto\/sg-31\/"},"modified":"2025-06-28T20:05:14","modified_gmt":"2025-06-28T18:05:14","slug":"sg-31","status":"publish","type":"product","link":"https:\/\/lucacastelli.com\/fr\/produit\/sg-31\/","title":{"rendered":"STIHL SG 31"},"content":{"rendered":"<p>Pulv\u00e9risateur manuel d\u2019une capacit\u00e9 de 5 litres pour prot\u00e9ger les plantes, \u00e9liminer les mauvaises herbes, fertiliser et lutter contre les parasites. Id\u00e9al pour l\u2019utilisateur priv\u00e9 avec un jardin assez vaste. Avec tube t\u00e9lescopique et buse plate suppl\u00e9mentaire.<br \/>\n886661023103  <\/p>\n","protected":false},"excerpt":{"rendered":"<p>SG 31<\/p>\n","protected":false},"featured_media":431203,"template":"","meta":{"_seopress_robots_primary_cat":"","_seopress_titles_title":"","_seopress_titles_desc":"","_seopress_robots_index":""},"product_brand":[3366],"product_cat":[29,516,499],"product_tag":[3265],"class_list":{"0":"post-464240","1":"product","2":"type-product","3":"status-publish","4":"has-post-thumbnail","6":"product_brand-stihl","7":"product_cat-macchinari","8":"product_cat-irroratori","9":"product_cat-atomizzatori-e-irroratori","10":"product_tag-import-stihl","11":"sws-gruppo-macchinari-fr","12":"sws-conto-ricavi-merci-rivendita-macchinari-fr","13":"sws-gruppo-iva-iva81-fr","15":"first","16":"onbackorder","17":"purchasable","18":"product-type-simple"},"_links":{"self":[{"href":"https:\/\/lucacastelli.com\/fr\/wp-json\/wp\/v2\/product\/464240","targetHints":{"allow":["GET"]}}],"collection":[{"href":"https:\/\/lucacastelli.com\/fr\/wp-json\/wp\/v2\/product"}],"about":[{"href":"https:\/\/lucacastelli.com\/fr\/wp-json\/wp\/v2\/types\/product"}],"wp:featuredmedia":[{"embeddable":true,"href":"https:\/\/lucacastelli.com\/fr\/wp-json\/wp\/v2\/media\/431203"}],"wp:attachment":[{"href":"https:\/\/lucacastelli.com\/fr\/wp-json\/wp\/v2\/media?parent=464240"}],"wp:term":[{"taxonomy":"product_brand","embeddable":true,"href":"https:\/\/lucacastelli.com\/fr\/wp-json\/wp\/v2\/product_brand?post=464240"},{"taxonomy":"product_cat","embeddable":true,"href":"https:\/\/lucacastelli.com\/fr\/wp-json\/wp\/v2\/product_cat?post=464240"},{"taxonomy":"product_tag","embeddable":true,"href":"https:\/\/lucacastelli.com\/fr\/wp-json\/wp\/v2\/product_tag?post=464240"}],"curies":[{"name":"wp","href":"https:\/\/api.w.org\/{rel}","templated":true}]}}