{"id":464239,"date":"2025-06-01T00:50:42","date_gmt":"2025-05-31T22:50:42","guid":{"rendered":"https:\/\/lucacastelli.com\/prodotto\/ce-21\/"},"modified":"2025-06-28T20:04:57","modified_gmt":"2025-06-28T18:04:57","slug":"ce-21","status":"publish","type":"product","link":"https:\/\/lucacastelli.com\/fr\/produit\/ce-21\/","title":{"rendered":"STIHL CE 21"},"content":{"rendered":"<p>Pulv\u00e9risateur manuel particuli\u00e8rement pratique pour une utilisation sur le balcon et dans le jardin. Transport facile gr\u00e2ce \u00e0 la bandouli\u00e8re. Buse conique en standard.<br \/>\n886661202119  <\/p>\n<p>VANNE D\u2019ARR\u00caT ROBUSTE 1<br \/>\nBuse \u00e0 c\u00f4ne creux avec filtre Buse \u00e0 c\u00f4ne creux avec filtre<\/p>\n","protected":false},"excerpt":{"rendered":"<p>CE 21<\/p>\n","protected":false},"featured_media":431197,"template":"","meta":{"_seopress_robots_primary_cat":"","_seopress_titles_title":"","_seopress_titles_desc":"","_seopress_robots_index":""},"product_brand":[3555],"product_cat":[1567,167,1516],"product_tag":[3267],"class_list":{"0":"post-464239","1":"product","2":"type-product","3":"status-publish","4":"has-post-thumbnail","6":"product_brand-stihl-fr","7":"product_cat-brumisateurs-et-pulverisateurs","8":"product_cat-machines","9":"product_cat-pulverisateurs","10":"product_tag-import-stihl-fr","11":"sws-gruppo-macchinari-fr","12":"sws-conto-ricavi-merci-rivendita-macchinari-fr","13":"sws-gruppo-iva-iva81-fr","15":"first","16":"onbackorder","17":"purchasable","18":"product-type-simple"},"_links":{"self":[{"href":"https:\/\/lucacastelli.com\/fr\/wp-json\/wp\/v2\/product\/464239","targetHints":{"allow":["GET"]}}],"collection":[{"href":"https:\/\/lucacastelli.com\/fr\/wp-json\/wp\/v2\/product"}],"about":[{"href":"https:\/\/lucacastelli.com\/fr\/wp-json\/wp\/v2\/types\/product"}],"wp:featuredmedia":[{"embeddable":true,"href":"https:\/\/lucacastelli.com\/fr\/wp-json\/wp\/v2\/media\/431197"}],"wp:attachment":[{"href":"https:\/\/lucacastelli.com\/fr\/wp-json\/wp\/v2\/media?parent=464239"}],"wp:term":[{"taxonomy":"product_brand","embeddable":true,"href":"https:\/\/lucacastelli.com\/fr\/wp-json\/wp\/v2\/product_brand?post=464239"},{"taxonomy":"product_cat","embeddable":true,"href":"https:\/\/lucacastelli.com\/fr\/wp-json\/wp\/v2\/product_cat?post=464239"},{"taxonomy":"product_tag","embeddable":true,"href":"https:\/\/lucacastelli.com\/fr\/wp-json\/wp\/v2\/product_tag?post=464239"}],"curies":[{"name":"wp","href":"https:\/\/api.w.org\/{rel}","templated":true}]}}