{"id":464237,"date":"2025-06-01T00:50:11","date_gmt":"2025-05-31T22:50:11","guid":{"rendered":"https:\/\/lucacastelli.com\/prodotto\/ce-11\/"},"modified":"2025-06-28T20:04:35","modified_gmt":"2025-06-28T18:04:35","slug":"ce-11","status":"publish","type":"product","link":"https:\/\/lucacastelli.com\/fr\/produit\/ce-11\/","title":{"rendered":"STIHL CE 11"},"content":{"rendered":"<p>Pulv\u00e9risateur manuel ergonomique et facile \u00e0 utiliser pour distribuer facilement des pesticides liquides. Pompe efficace et facile \u00e0 utiliser pour un travail confortable. Standard avec buse \u00e0 c\u00f4ne creux.<br \/>\n886661023080  <\/p>\n<p>Soupape de s\u00e9curit\u00e9 1<br \/>\nr\u00e9cipient transparent R\u00e9cipient transparent<\/p>\n","protected":false},"excerpt":{"rendered":"<p>CE 11<\/p>\n","protected":false},"featured_media":431146,"template":"","meta":{"_seopress_robots_primary_cat":"","_seopress_titles_title":"","_seopress_titles_desc":"","_seopress_robots_index":""},"product_brand":[3366],"product_cat":[29,516,499],"product_tag":[3265],"class_list":{"0":"post-464237","1":"product","2":"type-product","3":"status-publish","4":"has-post-thumbnail","6":"product_brand-stihl","7":"product_cat-macchinari","8":"product_cat-irroratori","9":"product_cat-atomizzatori-e-irroratori","10":"product_tag-import-stihl","11":"sws-gruppo-macchinari-fr","12":"sws-conto-ricavi-merci-rivendita-macchinari-fr","13":"sws-gruppo-iva-iva81-fr","15":"first","16":"onbackorder","17":"purchasable","18":"product-type-simple"},"_links":{"self":[{"href":"https:\/\/lucacastelli.com\/fr\/wp-json\/wp\/v2\/product\/464237","targetHints":{"allow":["GET"]}}],"collection":[{"href":"https:\/\/lucacastelli.com\/fr\/wp-json\/wp\/v2\/product"}],"about":[{"href":"https:\/\/lucacastelli.com\/fr\/wp-json\/wp\/v2\/types\/product"}],"wp:featuredmedia":[{"embeddable":true,"href":"https:\/\/lucacastelli.com\/fr\/wp-json\/wp\/v2\/media\/431146"}],"wp:attachment":[{"href":"https:\/\/lucacastelli.com\/fr\/wp-json\/wp\/v2\/media?parent=464237"}],"wp:term":[{"taxonomy":"product_brand","embeddable":true,"href":"https:\/\/lucacastelli.com\/fr\/wp-json\/wp\/v2\/product_brand?post=464237"},{"taxonomy":"product_cat","embeddable":true,"href":"https:\/\/lucacastelli.com\/fr\/wp-json\/wp\/v2\/product_cat?post=464237"},{"taxonomy":"product_tag","embeddable":true,"href":"https:\/\/lucacastelli.com\/fr\/wp-json\/wp\/v2\/product_tag?post=464237"}],"curies":[{"name":"wp","href":"https:\/\/api.w.org\/{rel}","templated":true}]}}