{"id":464233,"date":"2025-06-01T00:51:27","date_gmt":"2025-05-31T22:51:27","guid":{"rendered":"https:\/\/lucacastelli.com\/prodotto\/sg-51\/"},"modified":"2025-06-28T20:05:18","modified_gmt":"2025-06-28T18:05:18","slug":"sg-51","status":"publish","type":"product","link":"https:\/\/lucacastelli.com\/fr\/produit\/sg-51\/","title":{"rendered":"STIHL SG 51"},"content":{"rendered":"<p>Pulv\u00e9risateur \u00e0 dos pour un usage occasionnel et professionnel. Grande facilit\u00e9 d\u2019utilisation gr\u00e2ce au syst\u00e8me de dosage \u00e0 levier droit ou gauche et \u00e0 la soupape d\u2019arr\u00eat ergonomique. Construction robuste pour une longue dur\u00e9e de vie, m\u00eame en utilisation professionnelle.<br \/>\n886661023127  <\/p>\n<p>Conteneur transparent 1<\/p>\n","protected":false},"excerpt":{"rendered":"<p>SG 51<\/p>\n","protected":false},"featured_media":431216,"template":"","meta":{"_seopress_robots_primary_cat":"","_seopress_titles_title":"","_seopress_titles_desc":"","_seopress_robots_index":""},"product_brand":[3366],"product_cat":[29,516,499],"product_tag":[3265],"class_list":{"0":"post-464233","1":"product","2":"type-product","3":"status-publish","4":"has-post-thumbnail","6":"product_brand-stihl","7":"product_cat-macchinari","8":"product_cat-irroratori","9":"product_cat-atomizzatori-e-irroratori","10":"product_tag-import-stihl","11":"sws-gruppo-macchinari-fr","12":"sws-conto-ricavi-merci-rivendita-macchinari-fr","13":"sws-gruppo-iva-iva81-fr","15":"first","16":"onbackorder","17":"purchasable","18":"product-type-simple"},"_links":{"self":[{"href":"https:\/\/lucacastelli.com\/fr\/wp-json\/wp\/v2\/product\/464233","targetHints":{"allow":["GET"]}}],"collection":[{"href":"https:\/\/lucacastelli.com\/fr\/wp-json\/wp\/v2\/product"}],"about":[{"href":"https:\/\/lucacastelli.com\/fr\/wp-json\/wp\/v2\/types\/product"}],"wp:featuredmedia":[{"embeddable":true,"href":"https:\/\/lucacastelli.com\/fr\/wp-json\/wp\/v2\/media\/431216"}],"wp:attachment":[{"href":"https:\/\/lucacastelli.com\/fr\/wp-json\/wp\/v2\/media?parent=464233"}],"wp:term":[{"taxonomy":"product_brand","embeddable":true,"href":"https:\/\/lucacastelli.com\/fr\/wp-json\/wp\/v2\/product_brand?post=464233"},{"taxonomy":"product_cat","embeddable":true,"href":"https:\/\/lucacastelli.com\/fr\/wp-json\/wp\/v2\/product_cat?post=464233"},{"taxonomy":"product_tag","embeddable":true,"href":"https:\/\/lucacastelli.com\/fr\/wp-json\/wp\/v2\/product_tag?post=464233"}],"curies":[{"name":"wp","href":"https:\/\/api.w.org\/{rel}","templated":true}]}}