{"id":464227,"date":"2025-06-01T00:51:45","date_gmt":"2025-05-31T22:51:45","guid":{"rendered":"https:\/\/lucacastelli.com\/prodotto\/sg-71\/"},"modified":"2025-06-28T20:05:15","modified_gmt":"2025-06-28T18:05:15","slug":"sg-71","status":"publish","type":"product","link":"https:\/\/lucacastelli.com\/fr\/produit\/sg-71\/","title":{"rendered":"STIHL SG 71"},"content":{"rendered":"<p>Pulv\u00e9risateur \u00e0 dos \u00e0 usage professionnel. Tr\u00e8s grande facilit\u00e9 d\u2019utilisation gr\u00e2ce au syst\u00e8me de dosage \u00e0 levier droit ou gauche et au r\u00e9glage de la largeur et de la longueur. Ceintures de qualit\u00e9 et dossier profil\u00e9 pour un excellent confort d\u2019utilisation. Vanne d\u2019arr\u00eat ergonomique avec manom\u00e8tre.<br \/>\n886661023141   <\/p>\n<p>POIGN\u00c9E DE TRANSPORT 1<br \/>\nVANNE D\u2019ARR\u00caT ROBUSTE VANNE D\u2019ARR\u00caT ROBUSTE<\/p>\n<p>Conteneur transparent Conteneur transparent<\/p>\n","protected":false},"excerpt":{"rendered":"<p>SG 71<\/p>\n","protected":false},"featured_media":431220,"template":"","meta":{"_seopress_robots_primary_cat":"","_seopress_titles_title":"","_seopress_titles_desc":"","_seopress_robots_index":""},"product_brand":[3366],"product_cat":[29,516,499],"product_tag":[3265],"class_list":{"0":"post-464227","1":"product","2":"type-product","3":"status-publish","4":"has-post-thumbnail","6":"product_brand-stihl","7":"product_cat-macchinari","8":"product_cat-irroratori","9":"product_cat-atomizzatori-e-irroratori","10":"product_tag-import-stihl","11":"sws-gruppo-macchinari-fr","12":"sws-conto-ricavi-merci-rivendita-macchinari-fr","13":"sws-gruppo-iva-iva81-fr","15":"first","16":"onbackorder","17":"purchasable","18":"product-type-simple"},"_links":{"self":[{"href":"https:\/\/lucacastelli.com\/fr\/wp-json\/wp\/v2\/product\/464227","targetHints":{"allow":["GET"]}}],"collection":[{"href":"https:\/\/lucacastelli.com\/fr\/wp-json\/wp\/v2\/product"}],"about":[{"href":"https:\/\/lucacastelli.com\/fr\/wp-json\/wp\/v2\/types\/product"}],"wp:featuredmedia":[{"embeddable":true,"href":"https:\/\/lucacastelli.com\/fr\/wp-json\/wp\/v2\/media\/431220"}],"wp:attachment":[{"href":"https:\/\/lucacastelli.com\/fr\/wp-json\/wp\/v2\/media?parent=464227"}],"wp:term":[{"taxonomy":"product_brand","embeddable":true,"href":"https:\/\/lucacastelli.com\/fr\/wp-json\/wp\/v2\/product_brand?post=464227"},{"taxonomy":"product_cat","embeddable":true,"href":"https:\/\/lucacastelli.com\/fr\/wp-json\/wp\/v2\/product_cat?post=464227"},{"taxonomy":"product_tag","embeddable":true,"href":"https:\/\/lucacastelli.com\/fr\/wp-json\/wp\/v2\/product_tag?post=464227"}],"curies":[{"name":"wp","href":"https:\/\/api.w.org\/{rel}","templated":true}]}}