{"id":464220,"date":"2025-06-01T00:51:59","date_gmt":"2025-05-31T22:51:59","guid":{"rendered":"https:\/\/lucacastelli.com\/prodotto\/tube-telescopique-sg-51-sg-71-longueur-52-90-cm\/"},"modified":"2025-06-28T20:05:32","modified_gmt":"2025-06-28T18:05:32","slug":"tube-telescopique-sg-51-sg-71-longueur-52-90-cm","status":"publish","type":"product","link":"https:\/\/lucacastelli.com\/fr\/produit\/tube-telescopique-sg-51-sg-71-longueur-52-90-cm\/","title":{"rendered":"STIHL Tube t\u00e9lescopique, SG 51, SG 71, longueur 52-90 cm"},"content":{"rendered":"<p>Peut \u00eatre retir\u00e9, augmente continuellement le rayon de travail jusqu\u2019\u00e0 90 cm \/ 300 cm.<br \/>\n886661024834<\/p>\n","protected":false},"excerpt":{"rendered":"<p>Tube t\u00e9lescopique, SG 51, SG 71, longueur 52-90 cm<\/p>\n","protected":false},"featured_media":423146,"template":"","meta":{"_seopress_robots_primary_cat":"","_seopress_titles_title":"","_seopress_titles_desc":"","_seopress_robots_index":""},"product_brand":[3555],"product_cat":[1567,167,1516],"product_tag":[3267],"class_list":{"0":"post-464220","1":"product","2":"type-product","3":"status-publish","4":"has-post-thumbnail","6":"product_brand-stihl-fr","7":"product_cat-brumisateurs-et-pulverisateurs","8":"product_cat-machines","9":"product_cat-pulverisateurs","10":"product_tag-import-stihl-fr","11":"sws-gruppo-macchinari-fr","12":"sws-conto-ricavi-merci-rivendita-macchinari-fr","13":"sws-gruppo-iva-iva81-fr","15":"first","16":"onbackorder","17":"purchasable","18":"product-type-simple"},"_links":{"self":[{"href":"https:\/\/lucacastelli.com\/fr\/wp-json\/wp\/v2\/product\/464220","targetHints":{"allow":["GET"]}}],"collection":[{"href":"https:\/\/lucacastelli.com\/fr\/wp-json\/wp\/v2\/product"}],"about":[{"href":"https:\/\/lucacastelli.com\/fr\/wp-json\/wp\/v2\/types\/product"}],"wp:featuredmedia":[{"embeddable":true,"href":"https:\/\/lucacastelli.com\/fr\/wp-json\/wp\/v2\/media\/423146"}],"wp:attachment":[{"href":"https:\/\/lucacastelli.com\/fr\/wp-json\/wp\/v2\/media?parent=464220"}],"wp:term":[{"taxonomy":"product_brand","embeddable":true,"href":"https:\/\/lucacastelli.com\/fr\/wp-json\/wp\/v2\/product_brand?post=464220"},{"taxonomy":"product_cat","embeddable":true,"href":"https:\/\/lucacastelli.com\/fr\/wp-json\/wp\/v2\/product_cat?post=464220"},{"taxonomy":"product_tag","embeddable":true,"href":"https:\/\/lucacastelli.com\/fr\/wp-json\/wp\/v2\/product_tag?post=464220"}],"curies":[{"name":"wp","href":"https:\/\/api.w.org\/{rel}","templated":true}]}}