{"id":464216,"date":"2025-06-01T00:52:36","date_gmt":"2025-05-31T22:52:36","guid":{"rendered":"https:\/\/lucacastelli.com\/prodotto\/vanne-de-regulation-1-bar\/"},"modified":"2025-06-28T20:05:40","modified_gmt":"2025-06-28T18:05:40","slug":"vanne-de-regulation-1-bar","status":"publish","type":"product","link":"https:\/\/lucacastelli.com\/fr\/produit\/vanne-de-regulation-1-bar\/","title":{"rendered":"STIHL Vanne de r\u00e9gulation, 1 bar"},"content":{"rendered":"<p>Pour les buses \u00e0 faible d\u00e9bit. Il permet une pression de pulv\u00e9risation constante (1,0 bar, jaune) et est optimal dans la distribution des herbicides.<br \/>\n886661358243 <\/p>\n","protected":false},"excerpt":{"rendered":"<p>Vanne de r\u00e9gulation, 1 bar<\/p>\n","protected":false},"featured_media":431247,"template":"","meta":{"_seopress_robots_primary_cat":"","_seopress_titles_title":"","_seopress_titles_desc":"","_seopress_robots_index":""},"product_brand":[3555],"product_cat":[1567,167,1516],"product_tag":[3267],"class_list":{"0":"post-464216","1":"product","2":"type-product","3":"status-publish","4":"has-post-thumbnail","6":"product_brand-stihl-fr","7":"product_cat-brumisateurs-et-pulverisateurs","8":"product_cat-machines","9":"product_cat-pulverisateurs","10":"product_tag-import-stihl-fr","11":"sws-gruppo-macchinari-fr","12":"sws-conto-ricavi-merci-rivendita-macchinari-fr","13":"sws-gruppo-iva-iva81-fr","15":"first","16":"onbackorder","17":"purchasable","18":"product-type-simple"},"_links":{"self":[{"href":"https:\/\/lucacastelli.com\/fr\/wp-json\/wp\/v2\/product\/464216","targetHints":{"allow":["GET"]}}],"collection":[{"href":"https:\/\/lucacastelli.com\/fr\/wp-json\/wp\/v2\/product"}],"about":[{"href":"https:\/\/lucacastelli.com\/fr\/wp-json\/wp\/v2\/types\/product"}],"wp:featuredmedia":[{"embeddable":true,"href":"https:\/\/lucacastelli.com\/fr\/wp-json\/wp\/v2\/media\/431247"}],"wp:attachment":[{"href":"https:\/\/lucacastelli.com\/fr\/wp-json\/wp\/v2\/media?parent=464216"}],"wp:term":[{"taxonomy":"product_brand","embeddable":true,"href":"https:\/\/lucacastelli.com\/fr\/wp-json\/wp\/v2\/product_brand?post=464216"},{"taxonomy":"product_cat","embeddable":true,"href":"https:\/\/lucacastelli.com\/fr\/wp-json\/wp\/v2\/product_cat?post=464216"},{"taxonomy":"product_tag","embeddable":true,"href":"https:\/\/lucacastelli.com\/fr\/wp-json\/wp\/v2\/product_tag?post=464216"}],"curies":[{"name":"wp","href":"https:\/\/api.w.org\/{rel}","templated":true}]}}