{"id":464209,"date":"2025-06-01T00:52:47","date_gmt":"2025-05-31T22:52:47","guid":{"rendered":"https:\/\/lucacastelli.com\/prodotto\/vanne-de-regulation-15-bar\/"},"modified":"2025-06-28T20:05:46","modified_gmt":"2025-06-28T18:05:46","slug":"vanne-de-regulation-15-bar","status":"publish","type":"product","link":"https:\/\/lucacastelli.com\/fr\/produit\/vanne-de-regulation-15-bar\/","title":{"rendered":"STIHL Vanne de r\u00e9gulation, 1,5 bar"},"content":{"rendered":"<p>Valve sp\u00e9ciale pour l\u2019utilisation d\u2019une buse \u00e0 c\u00f4ne creux. Il permet une pression de pulv\u00e9risation constante (1,5 bar, rouge) et est optimal dans la d\u00e9livrance d\u2019insecticides et de fongicides.<br \/>\n886661358250 <\/p>\n","protected":false},"excerpt":{"rendered":"<p>Vanne de r\u00e9gulation, 1,5 bar<\/p>\n","protected":false},"featured_media":431252,"template":"","meta":{"_seopress_robots_primary_cat":"","_seopress_titles_title":"","_seopress_titles_desc":"","_seopress_robots_index":""},"product_brand":[3366],"product_cat":[29,516,499],"product_tag":[3265],"class_list":{"0":"post-464209","1":"product","2":"type-product","3":"status-publish","4":"has-post-thumbnail","6":"product_brand-stihl","7":"product_cat-macchinari","8":"product_cat-irroratori","9":"product_cat-atomizzatori-e-irroratori","10":"product_tag-import-stihl","11":"sws-gruppo-macchinari-fr","12":"sws-conto-ricavi-merci-rivendita-macchinari-fr","13":"sws-gruppo-iva-iva81-fr","15":"first","16":"onbackorder","17":"purchasable","18":"product-type-simple"},"_links":{"self":[{"href":"https:\/\/lucacastelli.com\/fr\/wp-json\/wp\/v2\/product\/464209","targetHints":{"allow":["GET"]}}],"collection":[{"href":"https:\/\/lucacastelli.com\/fr\/wp-json\/wp\/v2\/product"}],"about":[{"href":"https:\/\/lucacastelli.com\/fr\/wp-json\/wp\/v2\/types\/product"}],"wp:featuredmedia":[{"embeddable":true,"href":"https:\/\/lucacastelli.com\/fr\/wp-json\/wp\/v2\/media\/431252"}],"wp:attachment":[{"href":"https:\/\/lucacastelli.com\/fr\/wp-json\/wp\/v2\/media?parent=464209"}],"wp:term":[{"taxonomy":"product_brand","embeddable":true,"href":"https:\/\/lucacastelli.com\/fr\/wp-json\/wp\/v2\/product_brand?post=464209"},{"taxonomy":"product_cat","embeddable":true,"href":"https:\/\/lucacastelli.com\/fr\/wp-json\/wp\/v2\/product_cat?post=464209"},{"taxonomy":"product_tag","embeddable":true,"href":"https:\/\/lucacastelli.com\/fr\/wp-json\/wp\/v2\/product_tag?post=464209"}],"curies":[{"name":"wp","href":"https:\/\/api.w.org\/{rel}","templated":true}]}}