{"id":464198,"date":"2025-06-01T00:53:39","date_gmt":"2025-05-31T22:53:39","guid":{"rendered":"https:\/\/lucacastelli.com\/prodotto\/buse-reglable\/"},"modified":"2025-06-28T19:07:52","modified_gmt":"2025-06-28T17:07:52","slug":"buse-reglable","status":"publish","type":"product","link":"https:\/\/lucacastelli.com\/fr\/produit\/buse-reglable\/","title":{"rendered":"STIHL Buse r\u00e9glable"},"content":{"rendered":"<p>Pour SG 21, SG 31, SG 51 et SG 71.Avec cette buse en laiton r\u00e9glable, vous pouvez varier le jet du c\u00f4ne creux au jet complet. Pour un r\u00e9sultat de pulv\u00e9risation optimal, m\u00eame dans des conditions changeantes ou pour diff\u00e9rentes applications.<br \/>\n886661133468 <\/p>\n","protected":false},"excerpt":{"rendered":"<p>Buse r\u00e9glable<\/p>\n","protected":false},"featured_media":431280,"template":"","meta":{"_seopress_robots_primary_cat":"","_seopress_titles_title":"","_seopress_titles_desc":"","_seopress_robots_index":""},"product_brand":[3555],"product_cat":[1567,167,1516],"product_tag":[3267],"class_list":{"0":"post-464198","1":"product","2":"type-product","3":"status-publish","4":"has-post-thumbnail","6":"product_brand-stihl-fr","7":"product_cat-brumisateurs-et-pulverisateurs","8":"product_cat-machines","9":"product_cat-pulverisateurs","10":"product_tag-import-stihl-fr","11":"sws-gruppo-macchinari-fr","12":"sws-conto-ricavi-merci-rivendita-macchinari-fr","13":"sws-gruppo-iva-iva81-fr","15":"first","16":"onbackorder","17":"purchasable","18":"product-type-simple"},"_links":{"self":[{"href":"https:\/\/lucacastelli.com\/fr\/wp-json\/wp\/v2\/product\/464198","targetHints":{"allow":["GET"]}}],"collection":[{"href":"https:\/\/lucacastelli.com\/fr\/wp-json\/wp\/v2\/product"}],"about":[{"href":"https:\/\/lucacastelli.com\/fr\/wp-json\/wp\/v2\/types\/product"}],"wp:featuredmedia":[{"embeddable":true,"href":"https:\/\/lucacastelli.com\/fr\/wp-json\/wp\/v2\/media\/431280"}],"wp:attachment":[{"href":"https:\/\/lucacastelli.com\/fr\/wp-json\/wp\/v2\/media?parent=464198"}],"wp:term":[{"taxonomy":"product_brand","embeddable":true,"href":"https:\/\/lucacastelli.com\/fr\/wp-json\/wp\/v2\/product_brand?post=464198"},{"taxonomy":"product_cat","embeddable":true,"href":"https:\/\/lucacastelli.com\/fr\/wp-json\/wp\/v2\/product_cat?post=464198"},{"taxonomy":"product_tag","embeddable":true,"href":"https:\/\/lucacastelli.com\/fr\/wp-json\/wp\/v2\/product_tag?post=464198"}],"curies":[{"name":"wp","href":"https:\/\/api.w.org\/{rel}","templated":true}]}}