{"id":464194,"date":"2025-06-01T00:53:23","date_gmt":"2025-05-31T22:53:23","guid":{"rendered":"https:\/\/lucacastelli.com\/prodotto\/buse-plate-80-04\/"},"modified":"2025-06-28T20:06:03","modified_gmt":"2025-06-28T18:06:03","slug":"buse-plate-80-04","status":"publish","type":"product","link":"https:\/\/lucacastelli.com\/fr\/produit\/buse-plate-80-04\/","title":{"rendered":"STIHL Buse plate 80-04"},"content":{"rendered":"<p>Buse plate de haut calibre pour la lecture de surface. Particuli\u00e8rement adapt\u00e9 au d\u00e9sherbage avec une distribution de grosses gouttes. Pour l\u2019AG 21, l\u2019AG 31. (Un porte-buse est n\u00e9cessaire pour le montage sur SG 51 et SG 71.)<br \/>\n886661133604   <\/p>\n","protected":false},"excerpt":{"rendered":"<p>Buse plate 80-04<\/p>\n","protected":false},"featured_media":431271,"template":"","meta":{"_seopress_robots_primary_cat":"","_seopress_titles_title":"","_seopress_titles_desc":"","_seopress_robots_index":""},"product_brand":[3555],"product_cat":[167,1516,1567],"product_tag":[3267],"class_list":{"0":"post-464194","1":"product","2":"type-product","3":"status-publish","4":"has-post-thumbnail","6":"product_brand-stihl-fr","7":"product_cat-machines","8":"product_cat-pulverisateurs","9":"product_cat-brumisateurs-et-pulverisateurs","10":"product_tag-import-stihl-fr","11":"sws-gruppo-macchinari-fr","12":"sws-conto-ricavi-merci-rivendita-macchinari-fr","13":"sws-gruppo-iva-iva81-fr","15":"first","16":"onbackorder","17":"purchasable","18":"product-type-simple"},"_links":{"self":[{"href":"https:\/\/lucacastelli.com\/fr\/wp-json\/wp\/v2\/product\/464194","targetHints":{"allow":["GET"]}}],"collection":[{"href":"https:\/\/lucacastelli.com\/fr\/wp-json\/wp\/v2\/product"}],"about":[{"href":"https:\/\/lucacastelli.com\/fr\/wp-json\/wp\/v2\/types\/product"}],"wp:featuredmedia":[{"embeddable":true,"href":"https:\/\/lucacastelli.com\/fr\/wp-json\/wp\/v2\/media\/431271"}],"wp:attachment":[{"href":"https:\/\/lucacastelli.com\/fr\/wp-json\/wp\/v2\/media?parent=464194"}],"wp:term":[{"taxonomy":"product_brand","embeddable":true,"href":"https:\/\/lucacastelli.com\/fr\/wp-json\/wp\/v2\/product_brand?post=464194"},{"taxonomy":"product_cat","embeddable":true,"href":"https:\/\/lucacastelli.com\/fr\/wp-json\/wp\/v2\/product_cat?post=464194"},{"taxonomy":"product_tag","embeddable":true,"href":"https:\/\/lucacastelli.com\/fr\/wp-json\/wp\/v2\/product_tag?post=464194"}],"curies":[{"name":"wp","href":"https:\/\/api.w.org\/{rel}","templated":true}]}}