{"id":464188,"date":"2025-06-01T00:54:09","date_gmt":"2025-05-31T22:54:09","guid":{"rendered":"https:\/\/lucacastelli.com\/prodotto\/buse-a-cone-plein\/"},"modified":"2025-06-28T19:08:07","modified_gmt":"2025-06-28T17:08:07","slug":"buse-a-cone-plein","status":"publish","type":"product","link":"https:\/\/lucacastelli.com\/fr\/produit\/buse-a-cone-plein\/","title":{"rendered":"STIHL Buse \u00e0 c\u00f4ne plein"},"content":{"rendered":"<p>Buse \u00e0 c\u00f4ne plein avec faible d\u00e9bit. Id\u00e9al pour le dosage fin de produits de morsure de gibier ou d\u2019herbicides. Pour l\u2019AG 21, l\u2019AG 31. (Un porte-buse est n\u00e9cessaire pour le montage sur SG 51 et SG 71.)<br \/>\n886661133499   <\/p>\n","protected":false},"excerpt":{"rendered":"<p>Buse \u00e0 c\u00f4ne plein<\/p>\n","protected":false},"featured_media":431290,"template":"","meta":{"_seopress_robots_primary_cat":"","_seopress_titles_title":"","_seopress_titles_desc":"","_seopress_robots_index":""},"product_brand":[3366],"product_cat":[29,516,499],"product_tag":[3265],"class_list":{"0":"post-464188","1":"product","2":"type-product","3":"status-publish","4":"has-post-thumbnail","6":"product_brand-stihl","7":"product_cat-macchinari","8":"product_cat-irroratori","9":"product_cat-atomizzatori-e-irroratori","10":"product_tag-import-stihl","11":"sws-gruppo-macchinari-fr","12":"sws-conto-ricavi-merci-rivendita-macchinari-fr","13":"sws-gruppo-iva-iva81-fr","15":"first","16":"onbackorder","17":"purchasable","18":"product-type-simple"},"_links":{"self":[{"href":"https:\/\/lucacastelli.com\/fr\/wp-json\/wp\/v2\/product\/464188","targetHints":{"allow":["GET"]}}],"collection":[{"href":"https:\/\/lucacastelli.com\/fr\/wp-json\/wp\/v2\/product"}],"about":[{"href":"https:\/\/lucacastelli.com\/fr\/wp-json\/wp\/v2\/types\/product"}],"wp:featuredmedia":[{"embeddable":true,"href":"https:\/\/lucacastelli.com\/fr\/wp-json\/wp\/v2\/media\/431290"}],"wp:attachment":[{"href":"https:\/\/lucacastelli.com\/fr\/wp-json\/wp\/v2\/media?parent=464188"}],"wp:term":[{"taxonomy":"product_brand","embeddable":true,"href":"https:\/\/lucacastelli.com\/fr\/wp-json\/wp\/v2\/product_brand?post=464188"},{"taxonomy":"product_cat","embeddable":true,"href":"https:\/\/lucacastelli.com\/fr\/wp-json\/wp\/v2\/product_cat?post=464188"},{"taxonomy":"product_tag","embeddable":true,"href":"https:\/\/lucacastelli.com\/fr\/wp-json\/wp\/v2\/product_tag?post=464188"}],"curies":[{"name":"wp","href":"https:\/\/api.w.org\/{rel}","templated":true}]}}