{"id":464185,"date":"2025-06-01T00:53:52","date_gmt":"2025-05-31T22:53:52","guid":{"rendered":"https:\/\/lucacastelli.com\/prodotto\/buse-a-cone-creux-25-mm\/"},"modified":"2025-06-28T19:08:13","modified_gmt":"2025-06-28T17:08:13","slug":"buse-a-cone-creux-25-mm","status":"publish","type":"product","link":"https:\/\/lucacastelli.com\/fr\/produit\/buse-a-cone-creux-25-mm\/","title":{"rendered":"STIHL Buse \u00e0 c\u00f4ne creux 2,5 mm"},"content":{"rendered":"<p>Pour les CE 21, 31, 51 et 71. Buse sp\u00e9ciale de gros calibre pour l\u2019\u00e9coulement d\u2019une grande quantit\u00e9 de substance. Id\u00e9al surtout pour la chaux.<br \/>\n886661133482  <\/p>\n","protected":false},"excerpt":{"rendered":"<p>Buse \u00e0 c\u00f4ne creux 2,5 mm<\/p>\n","protected":false},"featured_media":431285,"template":"","meta":{"_seopress_robots_primary_cat":"","_seopress_titles_title":"","_seopress_titles_desc":"","_seopress_robots_index":""},"product_brand":[3366],"product_cat":[29,516,499],"product_tag":[3265],"class_list":{"0":"post-464185","1":"product","2":"type-product","3":"status-publish","4":"has-post-thumbnail","6":"product_brand-stihl","7":"product_cat-macchinari","8":"product_cat-irroratori","9":"product_cat-atomizzatori-e-irroratori","10":"product_tag-import-stihl","11":"sws-gruppo-macchinari-fr","12":"sws-conto-ricavi-merci-rivendita-macchinari-fr","13":"sws-gruppo-iva-iva81-fr","15":"first","16":"onbackorder","17":"purchasable","18":"product-type-simple"},"_links":{"self":[{"href":"https:\/\/lucacastelli.com\/fr\/wp-json\/wp\/v2\/product\/464185","targetHints":{"allow":["GET"]}}],"collection":[{"href":"https:\/\/lucacastelli.com\/fr\/wp-json\/wp\/v2\/product"}],"about":[{"href":"https:\/\/lucacastelli.com\/fr\/wp-json\/wp\/v2\/types\/product"}],"wp:featuredmedia":[{"embeddable":true,"href":"https:\/\/lucacastelli.com\/fr\/wp-json\/wp\/v2\/media\/431285"}],"wp:attachment":[{"href":"https:\/\/lucacastelli.com\/fr\/wp-json\/wp\/v2\/media?parent=464185"}],"wp:term":[{"taxonomy":"product_brand","embeddable":true,"href":"https:\/\/lucacastelli.com\/fr\/wp-json\/wp\/v2\/product_brand?post=464185"},{"taxonomy":"product_cat","embeddable":true,"href":"https:\/\/lucacastelli.com\/fr\/wp-json\/wp\/v2\/product_cat?post=464185"},{"taxonomy":"product_tag","embeddable":true,"href":"https:\/\/lucacastelli.com\/fr\/wp-json\/wp\/v2\/product_tag?post=464185"}],"curies":[{"name":"wp","href":"https:\/\/api.w.org\/{rel}","templated":true}]}}