{"id":464184,"date":"2025-06-01T00:55:14","date_gmt":"2025-05-31T22:55:14","guid":{"rendered":"https:\/\/lucacastelli.com\/prodotto\/sga-85\/"},"modified":"2025-06-28T19:08:44","modified_gmt":"2025-06-28T17:08:44","slug":"sga-85","status":"publish","type":"product","link":"https:\/\/lucacastelli.com\/fr\/produit\/sga-85\/","title":{"rendered":"STIHL SGA 85"},"content":{"rendered":"<p>Pulv\u00e9risateur sans fil puissant avec une puissante pompe \u00e0 membrane. Pression de service \u00e9lev\u00e9e et grand d\u00e9bit. La pression peut \u00eatre contr\u00f4l\u00e9e par un r\u00e9gulateur rotatif. Le faible poids et le syst\u00e8me de transport de haute qualit\u00e9 assurent un haut niveau de confort de travail. Id\u00e9al pour l\u2019application d\u2019herbicides, de pesticides et de fongicides dans l\u2019agriculture et l\u2019horticulture, la culture fruiti\u00e8re et la viticulture. Gamme compl\u00e8te d\u2019accessoires pour une grande vari\u00e9t\u00e9 d\u2019utilisations et d\u2019applications.<br \/>\n886661419555     <\/p>\n<p>Tension nominale 36<br \/>\nSyst\u00e8me de batterie Syst\u00e8me de batterie<\/p>\n<p>Poids de l\u2019appareil Poids<br \/>\nde l\u2019appareil Capacit\u00e9 du r\u00e9cipient 17,0<br \/>\nD\u00e9bit d\u2019eau min 1,5<\/p>\n","protected":false},"excerpt":{"rendered":"<p>SGA 85<\/p>\n","protected":false},"featured_media":431321,"template":"","meta":{"_seopress_robots_primary_cat":"","_seopress_titles_title":"","_seopress_titles_desc":"","_seopress_robots_index":""},"product_brand":[3366],"product_cat":[29,516,499],"product_tag":[3265],"class_list":{"0":"post-464184","1":"product","2":"type-product","3":"status-publish","4":"has-post-thumbnail","6":"product_brand-stihl","7":"product_cat-macchinari","8":"product_cat-irroratori","9":"product_cat-atomizzatori-e-irroratori","10":"product_tag-import-stihl","11":"sws-gruppo-macchinari-fr","12":"sws-conto-ricavi-merci-rivendita-macchinari-fr","13":"sws-gruppo-iva-iva81-fr","15":"first","16":"onbackorder","17":"purchasable","18":"product-type-simple"},"_links":{"self":[{"href":"https:\/\/lucacastelli.com\/fr\/wp-json\/wp\/v2\/product\/464184","targetHints":{"allow":["GET"]}}],"collection":[{"href":"https:\/\/lucacastelli.com\/fr\/wp-json\/wp\/v2\/product"}],"about":[{"href":"https:\/\/lucacastelli.com\/fr\/wp-json\/wp\/v2\/types\/product"}],"wp:featuredmedia":[{"embeddable":true,"href":"https:\/\/lucacastelli.com\/fr\/wp-json\/wp\/v2\/media\/431321"}],"wp:attachment":[{"href":"https:\/\/lucacastelli.com\/fr\/wp-json\/wp\/v2\/media?parent=464184"}],"wp:term":[{"taxonomy":"product_brand","embeddable":true,"href":"https:\/\/lucacastelli.com\/fr\/wp-json\/wp\/v2\/product_brand?post=464184"},{"taxonomy":"product_cat","embeddable":true,"href":"https:\/\/lucacastelli.com\/fr\/wp-json\/wp\/v2\/product_cat?post=464184"},{"taxonomy":"product_tag","embeddable":true,"href":"https:\/\/lucacastelli.com\/fr\/wp-json\/wp\/v2\/product_tag?post=464184"}],"curies":[{"name":"wp","href":"https:\/\/api.w.org\/{rel}","templated":true}]}}