{"id":464166,"date":"2025-05-31T21:59:03","date_gmt":"2025-05-31T19:59:03","guid":{"rendered":"https:\/\/lucacastelli.com\/prodotto\/chargeur-rapide-al-5-2\/"},"modified":"2025-06-29T13:38:30","modified_gmt":"2025-06-29T11:38:30","slug":"chargeur-rapide-al-5-2","status":"publish","type":"product","link":"https:\/\/lucacastelli.com\/fr\/produit\/chargeur-rapide-al-5-2\/","title":{"rendered":"STIHL Chargeur rapide AL 5-2"},"content":{"rendered":"<p>pSi vous avez 2 batteries ou plus du syst\u00e8me STIHL AS, le STIHL AL 5-2 est particuli\u00e8rement pratique. Le STIHL AL 5-2 permet non seulement d\u2019\u00e9conomiser du temps de charge, mais aussi de charger 2 batteries en m\u00eame temps, r\u00e9duisant ainsi les interruptions de charge lors du travail avec des outils ; du syst\u00e8me AS. C\u2019est possiblenbsp&nbsp;; Transportez et rangez \u00e9galement facilement le chargeur rapide gr\u00e2ce \u00e0 l\u2019enrouleur de c\u00e2ble avec bande velcro ou fixez-le au mur. Les indicateurs d\u2019\u00e9tat de charge int\u00e9gr\u00e9s montrent \u00e0 quel point le processus de charge des diff\u00e9rentes batteries a progress\u00e9 via LE 795711882648 Ds.<\/p>\n<p>Tension nominale 230<br \/>\nCourant nominal Courant nominal<\/p>\n<p>Consommation \u00e9lectrique Consommation<br \/>\n\u00e9lectrique Poids de l\u2019appareil 0.8<br \/>\nCourant de charge 4.00<\/p>\n","protected":false},"excerpt":{"rendered":"<p>pSi vous avez 2 batteries ou plus du syst\u00e8me STIHL AS, le STIHL AL 5-2 est particuli\u00e8rement pratique. Le STIHL<\/p>\n","protected":false},"featured_media":424778,"template":"","meta":{"_seopress_robots_primary_cat":"","_seopress_titles_title":"","_seopress_titles_desc":"","_seopress_robots_index":""},"product_brand":[3555],"product_cat":[167,1450],"product_tag":[3267],"class_list":{"0":"post-464166","1":"product","2":"type-product","3":"status-publish","4":"has-post-thumbnail","6":"product_brand-stihl-fr","7":"product_cat-machines","8":"product_cat-systemes-de-batteries-accessoires","9":"product_tag-import-stihl-fr","10":"sws-gruppo-macchinari","11":"sws-conto-ricavi-merci-rivendita-macchinari","12":"sws-gruppo-iva-iva81","14":"first","15":"onbackorder","16":"purchasable","17":"product-type-simple"},"_links":{"self":[{"href":"https:\/\/lucacastelli.com\/fr\/wp-json\/wp\/v2\/product\/464166","targetHints":{"allow":["GET"]}}],"collection":[{"href":"https:\/\/lucacastelli.com\/fr\/wp-json\/wp\/v2\/product"}],"about":[{"href":"https:\/\/lucacastelli.com\/fr\/wp-json\/wp\/v2\/types\/product"}],"wp:featuredmedia":[{"embeddable":true,"href":"https:\/\/lucacastelli.com\/fr\/wp-json\/wp\/v2\/media\/424778"}],"wp:attachment":[{"href":"https:\/\/lucacastelli.com\/fr\/wp-json\/wp\/v2\/media?parent=464166"}],"wp:term":[{"taxonomy":"product_brand","embeddable":true,"href":"https:\/\/lucacastelli.com\/fr\/wp-json\/wp\/v2\/product_brand?post=464166"},{"taxonomy":"product_cat","embeddable":true,"href":"https:\/\/lucacastelli.com\/fr\/wp-json\/wp\/v2\/product_cat?post=464166"},{"taxonomy":"product_tag","embeddable":true,"href":"https:\/\/lucacastelli.com\/fr\/wp-json\/wp\/v2\/product_tag?post=464166"}],"curies":[{"name":"wp","href":"https:\/\/api.w.org\/{rel}","templated":true}]}}