{"id":464162,"date":"2023-11-06T19:19:08","date_gmt":"2023-11-06T18:19:08","guid":{"rendered":"https:\/\/lucacastelli.com\/prodotto\/demarreur-12v-m12nrg-303\/"},"modified":"2026-04-17T23:58:54","modified_gmt":"2026-04-17T21:58:54","slug":"demarreur-12v-m12nrg-303","status":"publish","type":"product","link":"https:\/\/lucacastelli.com\/fr\/produit\/demarreur-12v-m12nrg-303\/","title":{"rendered":"Set de d\u00e9marrage 12 V M12NRG-303"},"content":{"rendered":"<p>Tension [V] : 12<br \/>\nBatterie : lithium-ion<br \/>\nLivr\u00e9 en : carton<br \/>\nNom : Mod\u00e8le : M12 NRG-303<br \/>\nSyst\u00e8me : M12<br \/>\nChargeur inclus : C12 C<br \/>\nBatterie incluse : 3 x M12 B3<\/p>\n","protected":false},"excerpt":{"rendered":"<p>Tension [V] : 12 Batterie : lithium-ion Livr\u00e9 en : carton Nom : Mod\u00e8le : M12 NRG-303 Syst\u00e8me : M12<\/p>\n","protected":false},"featured_media":57513,"template":"","meta":{"_seopress_robots_primary_cat":"none","_seopress_titles_title":"","_seopress_titles_desc":"","_seopress_robots_index":""},"product_brand":[3658],"product_cat":[167,1450],"product_tag":[],"class_list":{"0":"post-464162","1":"product","2":"type-product","3":"status-publish","4":"has-post-thumbnail","6":"product_brand-milwaukee-fr","7":"product_cat-machines","8":"product_cat-systemes-de-batteries-accessoires","10":"first","11":"onbackorder","12":"sale","13":"shipping-taxable","14":"purchasable","15":"product-type-simple"},"_links":{"self":[{"href":"https:\/\/lucacastelli.com\/fr\/wp-json\/wp\/v2\/product\/464162","targetHints":{"allow":["GET"]}}],"collection":[{"href":"https:\/\/lucacastelli.com\/fr\/wp-json\/wp\/v2\/product"}],"about":[{"href":"https:\/\/lucacastelli.com\/fr\/wp-json\/wp\/v2\/types\/product"}],"wp:featuredmedia":[{"embeddable":true,"href":"https:\/\/lucacastelli.com\/fr\/wp-json\/wp\/v2\/media\/57513"}],"wp:attachment":[{"href":"https:\/\/lucacastelli.com\/fr\/wp-json\/wp\/v2\/media?parent=464162"}],"wp:term":[{"taxonomy":"product_brand","embeddable":true,"href":"https:\/\/lucacastelli.com\/fr\/wp-json\/wp\/v2\/product_brand?post=464162"},{"taxonomy":"product_cat","embeddable":true,"href":"https:\/\/lucacastelli.com\/fr\/wp-json\/wp\/v2\/product_cat?post=464162"},{"taxonomy":"product_tag","embeddable":true,"href":"https:\/\/lucacastelli.com\/fr\/wp-json\/wp\/v2\/product_tag?post=464162"}],"curies":[{"name":"wp","href":"https:\/\/api.w.org\/{rel}","templated":true}]}}