{"id":464157,"date":"2025-05-31T21:59:23","date_gmt":"2025-05-31T19:59:23","guid":{"rendered":"https:\/\/lucacastelli.com\/prodotto\/boite-a-piles-l\/"},"modified":"2025-06-29T13:39:00","modified_gmt":"2025-06-29T11:39:00","slug":"boite-a-piles-l","status":"publish","type":"product","link":"https:\/\/lucacastelli.com\/fr\/produit\/boite-a-piles-l\/","title":{"rendered":"STIHL Bo\u00eete \u00e0 piles L"},"content":{"rendered":"<p>Pour le stockage et le transport s\u00e9curis\u00e9s de batteries, de chargeurs et d\u2019autres accessoires. Les bo\u00eetes sont empilables et vous pouvez acc\u00e9der \u00e0 une bo\u00eete m\u00eame si elle est empil\u00e9e. Les r\u00e9servoirs de batteries STIHL du syst\u00e8me Systainer sont parfaitement compatibles avec le syst\u00e8me bott vario et peuvent \u00eatre int\u00e9gr\u00e9s de mani\u00e8re flexible 795711984779.<\/p>\n","protected":false},"excerpt":{"rendered":"<p>Pour le stockage et le transport s\u00e9curis\u00e9s de batteries, de chargeurs et d\u2019autres accessoires. Les bo\u00eetes sont empilables et vous<\/p>\n","protected":false},"featured_media":424857,"template":"","meta":{"_seopress_robots_primary_cat":"","_seopress_titles_title":"","_seopress_titles_desc":"","_seopress_robots_index":""},"product_brand":[3366],"product_cat":[29,491],"product_tag":[3265],"class_list":{"0":"post-464157","1":"product","2":"type-product","3":"status-publish","4":"has-post-thumbnail","6":"product_brand-stihl","7":"product_cat-macchinari","8":"product_cat-accessori-sistemi-a-batteria","9":"product_tag-import-stihl","10":"sws-gruppo-macchinari-fr","11":"sws-conto-ricavi-merci-rivendita-macchinari-fr","12":"sws-gruppo-iva-iva81-fr","14":"first","15":"onbackorder","16":"purchasable","17":"product-type-simple"},"_links":{"self":[{"href":"https:\/\/lucacastelli.com\/fr\/wp-json\/wp\/v2\/product\/464157","targetHints":{"allow":["GET"]}}],"collection":[{"href":"https:\/\/lucacastelli.com\/fr\/wp-json\/wp\/v2\/product"}],"about":[{"href":"https:\/\/lucacastelli.com\/fr\/wp-json\/wp\/v2\/types\/product"}],"wp:featuredmedia":[{"embeddable":true,"href":"https:\/\/lucacastelli.com\/fr\/wp-json\/wp\/v2\/media\/424857"}],"wp:attachment":[{"href":"https:\/\/lucacastelli.com\/fr\/wp-json\/wp\/v2\/media?parent=464157"}],"wp:term":[{"taxonomy":"product_brand","embeddable":true,"href":"https:\/\/lucacastelli.com\/fr\/wp-json\/wp\/v2\/product_brand?post=464157"},{"taxonomy":"product_cat","embeddable":true,"href":"https:\/\/lucacastelli.com\/fr\/wp-json\/wp\/v2\/product_cat?post=464157"},{"taxonomy":"product_tag","embeddable":true,"href":"https:\/\/lucacastelli.com\/fr\/wp-json\/wp\/v2\/product_tag?post=464157"}],"curies":[{"name":"wp","href":"https:\/\/api.w.org\/{rel}","templated":true}]}}