{"id":464150,"date":"2025-05-31T22:14:40","date_gmt":"2025-05-31T20:14:40","guid":{"rendered":"https:\/\/lucacastelli.com\/prodotto\/support-de-chargeur-cr-6\/"},"modified":"2025-06-29T13:44:58","modified_gmt":"2025-06-29T11:44:58","slug":"support-de-chargeur-cr-6","status":"publish","type":"product","link":"https:\/\/lucacastelli.com\/fr\/produit\/support-de-chargeur-cr-6\/","title":{"rendered":"STIHL Support de chargeur CR 6"},"content":{"rendered":"<p>Le support de chargeur de batterie STIHL CR 6 est un accessoire pratique, adapt\u00e9 par exemple aux professionnels du jardinage et de l\u2019am\u00e9nagement paysager, aux services publics municipaux et aux services d\u2019entretien. Il permet de connecter et de stocker de mani\u00e8re ordonn\u00e9e jusqu\u2019\u00e0 8 chargeurs standard STIHL ou jusqu\u2019\u00e0 6 chargeurs rapides STIHL, par exemple sur un mur appropri\u00e9 de votre atelier. En combinaison avec les STIHL AL 100 et STIHL AL 101, ainsi qu\u2019avec les chargeurs rapides STIHL AL 300, STIHL AL 301, STIHL AL 500 et STIHL AL 501, vous pouvez charger plusieurs batteries des syst\u00e8mes STIHL AK, STIHL AP et STIHL AR en m\u00eame temps sur le support de chargeur CR 6.\/ppL\u2019utilisation et l\u2019installation sont simples :  Apr\u00e8s avoir fix\u00e9 vos chargeurs au support mural, fixez le support de chargeur CR 6 au mur. Alternativement, par exemple en utilisant 2 supports de chargeur CR 6, vous pouvez les g\u00e9rer via le syst\u00e8me de gestion de charge STIHL CM 12. Ceci est particuli\u00e8rement avantageux, car il permet de connecter jusqu\u2019\u00e0 12 chargeurs rapides \u00e0 une seule prise.\/ppLe support de chargeur CR 6 est compatible avec les chargeurs STIHL suivants :\/pulliAL 100, jusqu\u2019\u00e0 1,7 A de courant de charge, poids 0,7 kg\/liliAL 101 (Art.-N\u00b0 48504302520), jusqu\u2019\u00e0 1,7 A de courant de charge, poids 0,7 kg\/liliAL 300 (Art.-N\u00b0 48504305500),  courant de charge jusqu\u2019\u00e0 6,5 A, poids 1,2 kg\/lilistrongAL 301\/strongnbsp&nbsp;; (N\u00b0 d\u2019article EA094305500), courant de charge jusqu\u2019\u00e0 6,5 A, poids 1,2 kg\/liliAL 500 (n\u00b0 d\u2019article 48504305700), courant de charge jusqu\u2019\u00e0 12 A, poids 1,3 kg\/lilistrongAL 501\/strong, courant de charge jusqu\u2019\u00e0 12 A, poids 1,3 kg\/li\/ul<br \/>\n886661608225<\/p>\n","protected":false},"excerpt":{"rendered":"<p>Le support de chargeur de batterie STIHL CR 6 est un accessoire pratique, adapt\u00e9 par exemple aux professionnels du jardinage<\/p>\n","protected":false},"featured_media":437042,"template":"","meta":{"_seopress_robots_primary_cat":"none","_seopress_titles_title":"","_seopress_titles_desc":"","_seopress_robots_index":""},"product_brand":[3366],"product_cat":[29,491],"product_tag":[3265],"class_list":{"0":"post-464150","1":"product","2":"type-product","3":"status-publish","4":"has-post-thumbnail","6":"product_brand-stihl","7":"product_cat-macchinari","8":"product_cat-accessori-sistemi-a-batteria","9":"product_tag-import-stihl","10":"sws-gruppo-macchinari-fr","11":"sws-conto-ricavi-merci-rivendita-macchinari-fr","12":"sws-gruppo-iva-iva81-fr","14":"first","15":"onbackorder","16":"purchasable","17":"product-type-simple"},"_links":{"self":[{"href":"https:\/\/lucacastelli.com\/fr\/wp-json\/wp\/v2\/product\/464150","targetHints":{"allow":["GET"]}}],"collection":[{"href":"https:\/\/lucacastelli.com\/fr\/wp-json\/wp\/v2\/product"}],"about":[{"href":"https:\/\/lucacastelli.com\/fr\/wp-json\/wp\/v2\/types\/product"}],"wp:featuredmedia":[{"embeddable":true,"href":"https:\/\/lucacastelli.com\/fr\/wp-json\/wp\/v2\/media\/437042"}],"wp:attachment":[{"href":"https:\/\/lucacastelli.com\/fr\/wp-json\/wp\/v2\/media?parent=464150"}],"wp:term":[{"taxonomy":"product_brand","embeddable":true,"href":"https:\/\/lucacastelli.com\/fr\/wp-json\/wp\/v2\/product_brand?post=464150"},{"taxonomy":"product_cat","embeddable":true,"href":"https:\/\/lucacastelli.com\/fr\/wp-json\/wp\/v2\/product_cat?post=464150"},{"taxonomy":"product_tag","embeddable":true,"href":"https:\/\/lucacastelli.com\/fr\/wp-json\/wp\/v2\/product_tag?post=464150"}],"curies":[{"name":"wp","href":"https:\/\/api.w.org\/{rel}","templated":true}]}}