{"id":464139,"date":"2025-05-31T22:31:18","date_gmt":"2025-05-31T20:31:18","guid":{"rendered":"https:\/\/lucacastelli.com\/prodotto\/boite-pour-accumulateur-t-l\/"},"modified":"2025-06-29T13:35:54","modified_gmt":"2025-06-29T11:35:54","slug":"boite-pour-accumulateur-t-l","status":"publish","type":"product","link":"https:\/\/lucacastelli.com\/fr\/produit\/boite-pour-accumulateur-t-l\/","title":{"rendered":"STIHL Bo\u00eete pour accumulateur t. L"},"content":{"rendered":"<p>Pour un transport en toute s\u00e9curit\u00e9 avec un espace limit\u00e9 pour la batterie et les chargeurs. Compatible avec les syst\u00e8mes de v\u00e9hicules Sortimo L-BOXXen et Sortimo Globelyst. Avec tapis antid\u00e9rapant. Pour contenir des accessoires, tels que des batteries AP et un chargeur AR.<br \/>\n886661023912   <\/p>\n","protected":false},"excerpt":{"rendered":"<p>Bo\u00eete pour accumulateur t. L <\/p>\n","protected":false},"featured_media":422392,"template":"","meta":{"_seopress_robots_primary_cat":"","_seopress_titles_title":"","_seopress_titles_desc":"","_seopress_robots_index":""},"product_brand":[3554],"product_cat":[169,1449],"product_tag":[3266],"class_list":{"0":"post-464139","1":"product","2":"type-product","3":"status-publish","4":"has-post-thumbnail","6":"product_brand-stihl-de","7":"product_cat-maschinen","8":"product_cat-batteriesysteme-zubehor","9":"product_tag-import-stihl-de","10":"sws-gruppo-macchinari-fr","11":"sws-conto-ricavi-merci-rivendita-macchinari-fr","12":"sws-gruppo-iva-iva81-fr","14":"first","15":"onbackorder","16":"purchasable","17":"product-type-simple"},"_links":{"self":[{"href":"https:\/\/lucacastelli.com\/fr\/wp-json\/wp\/v2\/product\/464139","targetHints":{"allow":["GET"]}}],"collection":[{"href":"https:\/\/lucacastelli.com\/fr\/wp-json\/wp\/v2\/product"}],"about":[{"href":"https:\/\/lucacastelli.com\/fr\/wp-json\/wp\/v2\/types\/product"}],"wp:featuredmedia":[{"embeddable":true,"href":"https:\/\/lucacastelli.com\/fr\/wp-json\/wp\/v2\/media\/422392"}],"wp:attachment":[{"href":"https:\/\/lucacastelli.com\/fr\/wp-json\/wp\/v2\/media?parent=464139"}],"wp:term":[{"taxonomy":"product_brand","embeddable":true,"href":"https:\/\/lucacastelli.com\/fr\/wp-json\/wp\/v2\/product_brand?post=464139"},{"taxonomy":"product_cat","embeddable":true,"href":"https:\/\/lucacastelli.com\/fr\/wp-json\/wp\/v2\/product_cat?post=464139"},{"taxonomy":"product_tag","embeddable":true,"href":"https:\/\/lucacastelli.com\/fr\/wp-json\/wp\/v2\/product_tag?post=464139"}],"curies":[{"name":"wp","href":"https:\/\/api.w.org\/{rel}","templated":true}]}}