{"id":464138,"date":"2025-05-31T22:32:58","date_gmt":"2025-05-31T20:32:58","guid":{"rendered":"https:\/\/lucacastelli.com\/prodotto\/bga-50-avec-ak-20-et-al-101\/"},"modified":"2025-05-31T22:32:58","modified_gmt":"2025-05-31T20:32:58","slug":"bga-50-avec-ak-20-et-al-101","status":"publish","type":"product","link":"https:\/\/lucacastelli.com\/fr\/produit\/bga-50-avec-ak-20-et-al-101\/","title":{"rendered":"BGA 50, avec AK 20 et AL 101"},"content":{"rendered":"<p>Qu\u2019il s\u2019agisse de feuilles, de petites brindilles ou de tontes de gazon, avec le nouveau souffleur sans fil STIHL BGA 50, le nettoyage des surfaces et des all\u00e9es de la maison et du jardin sera un jeu d\u2019enfant. De plus, cet outil silencieux avec contr\u00f4le de vitesse variable offre une grande flexibilit\u00e9 pour le nettoyage de zones \u00e9troites ou sinueuses, par exemple dans les garages ou sous les si\u00e8ges des meubles de jardin ; la puissance de soufflage maximale de 11 Newtons vous permet \u00e9galement d\u2019enlever rapidement le feuillage et la salet\u00e9 des grandes surfaces. \u00c9tant donn\u00e9 que la puissance de soufflage peut \u00eatre adapt\u00e9e de mani\u00e8re flexible \u00e0 diff\u00e9rentes conditions, sur les routes de gravier, il ne sera possible de souffler le feuillage sans d\u00e9placer la pierre concass\u00e9e. L\u2019\u00e9nergie n\u00e9cessaire au fonctionnement de l\u2019outil est fournie par une batterie lithium-ion de 36 V du syst\u00e8me STIHL AK. Ce syst\u00e8me modulaire aliment\u00e9 par batterie couvre une large gamme d\u2019outils con\u00e7us pour une grande vari\u00e9t\u00e9 d\u2019applications, ainsi que des chargeurs et des batteries avec diff\u00e9rents contenus \u00e9nerg\u00e9tiques. C\u2019est pratique si vous disposez de plusieurs outils avec lesquels utiliser la m\u00eame batterie et le m\u00eame chargeur. Pour le BGA 50, il est recommand\u00e9 d\u2019utiliser l\u2019AK 20, qui doit \u00eatre ins\u00e9r\u00e9 dans le compartiment \u00e0 piles int\u00e9gr\u00e9 dans le bo\u00eetier et contribue ainsi \u00e0 l\u2019excellent \u00e9quilibre de l\u2019outil. En combinaison avec le faible poids de seulement 3,4 kg, batterie comprise, il assure une prise en main confortable du souffleur et permet de man\u0153uvrer l\u2019outil confortablement m\u00eame pendant de longues p\u00e9riodes sans fatigue. Le tube de soufflage peut \u00eatre retir\u00e9 rapidement et facilement sans outils pour ranger l\u2019outil dans un petit espace.<br \/>\n886661422142<\/p>\n<p>Tension nominale 36<br \/>\nSyst\u00e8me de batterie Syst\u00e8me de batterie<\/p>\n<p>Batterie recommand\u00e9e Batterie recommand\u00e9e Poids de<br \/>\nl\u2019appareil 2,2<br \/>\nIndice IP N\/A<\/p>\n","protected":false},"excerpt":{"rendered":"<p>BGA 50, avec AK 20 et AL 101<\/p>\n","protected":false},"featured_media":422721,"template":"","meta":{"_seopress_robots_primary_cat":"","_seopress_titles_title":"","_seopress_titles_desc":"","_seopress_robots_index":""},"product_brand":[3366],"product_cat":[29,485,489],"product_tag":[3265],"class_list":{"0":"post-464138","1":"product","2":"type-product","3":"status-publish","4":"has-post-thumbnail","6":"product_brand-stihl","7":"product_cat-macchinari","8":"product_cat-soffiatori-e-aspiratori","9":"product_cat-soffiatori-a-batteria","10":"product_tag-import-stihl","11":"sws-gruppo-macchinari-fr","12":"sws-conto-ricavi-merci-rivendita-macchinari-fr","13":"sws-gruppo-iva-iva81-fr","15":"first","16":"onbackorder","17":"purchasable","18":"product-type-simple"},"_links":{"self":[{"href":"https:\/\/lucacastelli.com\/fr\/wp-json\/wp\/v2\/product\/464138","targetHints":{"allow":["GET"]}}],"collection":[{"href":"https:\/\/lucacastelli.com\/fr\/wp-json\/wp\/v2\/product"}],"about":[{"href":"https:\/\/lucacastelli.com\/fr\/wp-json\/wp\/v2\/types\/product"}],"wp:featuredmedia":[{"embeddable":true,"href":"https:\/\/lucacastelli.com\/fr\/wp-json\/wp\/v2\/media\/422721"}],"wp:attachment":[{"href":"https:\/\/lucacastelli.com\/fr\/wp-json\/wp\/v2\/media?parent=464138"}],"wp:term":[{"taxonomy":"product_brand","embeddable":true,"href":"https:\/\/lucacastelli.com\/fr\/wp-json\/wp\/v2\/product_brand?post=464138"},{"taxonomy":"product_cat","embeddable":true,"href":"https:\/\/lucacastelli.com\/fr\/wp-json\/wp\/v2\/product_cat?post=464138"},{"taxonomy":"product_tag","embeddable":true,"href":"https:\/\/lucacastelli.com\/fr\/wp-json\/wp\/v2\/product_tag?post=464138"}],"curies":[{"name":"wp","href":"https:\/\/api.w.org\/{rel}","templated":true}]}}