{"id":464133,"date":"2025-05-31T22:33:28","date_gmt":"2025-05-31T20:33:28","guid":{"rendered":"https:\/\/lucacastelli.com\/prodotto\/ap-500-s-akkumulator\/"},"modified":"2026-03-12T13:39:09","modified_gmt":"2026-03-12T12:39:09","slug":"ap-500-s-akkumulator","status":"publish","type":"product","link":"https:\/\/lucacastelli.com\/fr\/produit\/ap-500-s-akkumulator\/","title":{"rendered":"STIHL AP 500 S"},"content":{"rendered":"<p>Notre nouvelle AP 500 S n\u2019est pas seulement la batterie AP la plus puissante de STIHL, elle convainc \u00e9galement par une dur\u00e9e de vie et un nombre de cycles de charge deux fois plus \u00e9lev\u00e9s que la AP 300 S, la plus puissante jusqu\u2019\u00e0 pr\u00e9sent. Elle dispose d\u2019une interface Bluetooth\u00ae int\u00e9gr\u00e9e et, tout comme nos batteries \u00e0 dos AR L, elle peut \u00eatre int\u00e9gr\u00e9e au syst\u00e8me STIHL connected et g\u00e9r\u00e9e comme un appareil.<br \/>\n886661754502 <\/p>\n<p>Tension nominale 36,0<br \/>\nTechnologie des cellules de batterie Technologie des cellules de batterie<\/p>\n<p>Poids de la batterie Poids de la batterie<br \/>\nContenu \u00e9nerg\u00e9tique 337,00<br \/>\nCapacit\u00e9 nominale selon CEI 61960 8,80<\/p>\n","protected":false},"excerpt":{"rendered":"<p>Batterie AP 500 S<\/p>\n","protected":false},"featured_media":422769,"template":"","meta":{"_seopress_robots_primary_cat":"none","_seopress_titles_title":"","_seopress_titles_desc":"","_seopress_robots_index":""},"product_brand":[3366],"product_cat":[29,491],"product_tag":[3265],"class_list":{"0":"post-464133","1":"product","2":"type-product","3":"status-publish","4":"has-post-thumbnail","6":"product_brand-stihl","7":"product_cat-macchinari","8":"product_cat-accessori-sistemi-a-batteria","9":"product_tag-import-stihl","10":"sws-gruppo-macchinari-fr","11":"sws-conto-ricavi-merci-rivendita-macchinari-fr","12":"sws-gruppo-iva-iva81-fr","14":"first","15":"instock","16":"purchasable","17":"product-type-simple"},"_links":{"self":[{"href":"https:\/\/lucacastelli.com\/fr\/wp-json\/wp\/v2\/product\/464133","targetHints":{"allow":["GET"]}}],"collection":[{"href":"https:\/\/lucacastelli.com\/fr\/wp-json\/wp\/v2\/product"}],"about":[{"href":"https:\/\/lucacastelli.com\/fr\/wp-json\/wp\/v2\/types\/product"}],"wp:featuredmedia":[{"embeddable":true,"href":"https:\/\/lucacastelli.com\/fr\/wp-json\/wp\/v2\/media\/422769"}],"wp:attachment":[{"href":"https:\/\/lucacastelli.com\/fr\/wp-json\/wp\/v2\/media?parent=464133"}],"wp:term":[{"taxonomy":"product_brand","embeddable":true,"href":"https:\/\/lucacastelli.com\/fr\/wp-json\/wp\/v2\/product_brand?post=464133"},{"taxonomy":"product_cat","embeddable":true,"href":"https:\/\/lucacastelli.com\/fr\/wp-json\/wp\/v2\/product_cat?post=464133"},{"taxonomy":"product_tag","embeddable":true,"href":"https:\/\/lucacastelli.com\/fr\/wp-json\/wp\/v2\/product_tag?post=464133"}],"curies":[{"name":"wp","href":"https:\/\/api.w.org\/{rel}","templated":true}]}}