{"id":464132,"date":"2025-05-31T22:59:10","date_gmt":"2025-05-31T20:59:10","guid":{"rendered":"https:\/\/lucacastelli.com\/prodotto\/ak-10\/"},"modified":"2025-05-31T22:59:10","modified_gmt":"2025-05-31T20:59:10","slug":"ak-10","status":"publish","type":"product","link":"https:\/\/lucacastelli.com\/fr\/produit\/ak-10\/","title":{"rendered":"AK 10"},"content":{"rendered":"<p>Compatible avec STIHL Batteries lithium-ion l\u00e9g\u00e8res avec indicateur d\u2019\u00e9tat de charge (quatre LED). Disponible avec diff\u00e9rents contenus \u00e9nerg\u00e9tiques.<br \/>\n886661575527  <\/p>\n<p>Tension nominale 36.0<br \/>\nTechnologie des cellules de batterie Technologie des cellules de batterie<\/p>\n<p>Poids de la batterie Poids de<br \/>\nla batterie Contenu \u00e9nerg\u00e9tique 72.00<br \/>\nCapacit\u00e9 nominale selon IEC 61960 2.00<\/p>\n","protected":false},"excerpt":{"rendered":"<p>AK 10<\/p>\n","protected":false},"featured_media":423850,"template":"","meta":{"_seopress_robots_primary_cat":"","_seopress_titles_title":"","_seopress_titles_desc":"","_seopress_robots_index":""},"product_brand":[3366],"product_cat":[29,491],"product_tag":[3265],"class_list":{"0":"post-464132","1":"product","2":"type-product","3":"status-publish","4":"has-post-thumbnail","6":"product_brand-stihl","7":"product_cat-macchinari","8":"product_cat-accessori-sistemi-a-batteria","9":"product_tag-import-stihl","10":"sws-gruppo-abb-libero-fr","11":"sws-gruppo-macchinari-fr","12":"sws-conto-ricavi-merci-rivendita-macchinari-fr","13":"sws-gruppo-iva-iva81-fr","15":"first","16":"onbackorder","17":"purchasable","18":"product-type-simple"},"_links":{"self":[{"href":"https:\/\/lucacastelli.com\/fr\/wp-json\/wp\/v2\/product\/464132","targetHints":{"allow":["GET"]}}],"collection":[{"href":"https:\/\/lucacastelli.com\/fr\/wp-json\/wp\/v2\/product"}],"about":[{"href":"https:\/\/lucacastelli.com\/fr\/wp-json\/wp\/v2\/types\/product"}],"wp:featuredmedia":[{"embeddable":true,"href":"https:\/\/lucacastelli.com\/fr\/wp-json\/wp\/v2\/media\/423850"}],"wp:attachment":[{"href":"https:\/\/lucacastelli.com\/fr\/wp-json\/wp\/v2\/media?parent=464132"}],"wp:term":[{"taxonomy":"product_brand","embeddable":true,"href":"https:\/\/lucacastelli.com\/fr\/wp-json\/wp\/v2\/product_brand?post=464132"},{"taxonomy":"product_cat","embeddable":true,"href":"https:\/\/lucacastelli.com\/fr\/wp-json\/wp\/v2\/product_cat?post=464132"},{"taxonomy":"product_tag","embeddable":true,"href":"https:\/\/lucacastelli.com\/fr\/wp-json\/wp\/v2\/product_tag?post=464132"}],"curies":[{"name":"wp","href":"https:\/\/api.w.org\/{rel}","templated":true}]}}