{"id":464117,"date":"2025-05-31T22:59:50","date_gmt":"2025-05-31T20:59:50","guid":{"rendered":"https:\/\/lucacastelli.com\/prodotto\/au-501\/"},"modified":"2026-03-02T14:15:41","modified_gmt":"2026-03-02T13:15:41","slug":"au-501","status":"publish","type":"product","link":"https:\/\/lucacastelli.com\/fr\/produit\/au-501\/","title":{"rendered":"STIHL AL 501"},"content":{"rendered":"<p>pPour batteries STIHL AK, AP et AR. Dispositif situ\u00e9 au fond du bo\u00eetier pour fixation murale et guide-c\u00e2ble. Dispose d&#8217;indicateurs LED de l&#8217;\u00e9tat de fonctionnement et refroidissement actif de la batterie.\/p<br \/>\n886661616732<\/p>\n<p>Tension nominale 230<br \/>\nCourant nominal Courant nominal<\/p>\n<p>Puissance absorb\u00e9e Puissance absorb\u00e9e<br \/>\nPoids de l&#8217;appareil 1,3<br \/>\nCourant de charge 12,00<\/p>\n","protected":false},"excerpt":{"rendered":"<p>AL 501<\/p>\n","protected":false},"featured_media":424000,"template":"","meta":{"_seopress_robots_primary_cat":"none","_seopress_titles_title":"","_seopress_titles_desc":"","_seopress_robots_index":""},"product_brand":[3366],"product_cat":[29,491],"product_tag":[3265],"class_list":{"0":"post-464117","1":"product","2":"type-product","3":"status-publish","4":"has-post-thumbnail","6":"product_brand-stihl","7":"product_cat-macchinari","8":"product_cat-accessori-sistemi-a-batteria","9":"product_tag-import-stihl","10":"sws-gruppo-macchinari-fr","11":"sws-conto-ricavi-merci-rivendita-macchinari-fr","12":"sws-gruppo-iva-iva81-fr","14":"first","15":"onbackorder","16":"purchasable","17":"product-type-simple"},"_links":{"self":[{"href":"https:\/\/lucacastelli.com\/fr\/wp-json\/wp\/v2\/product\/464117","targetHints":{"allow":["GET"]}}],"collection":[{"href":"https:\/\/lucacastelli.com\/fr\/wp-json\/wp\/v2\/product"}],"about":[{"href":"https:\/\/lucacastelli.com\/fr\/wp-json\/wp\/v2\/types\/product"}],"wp:featuredmedia":[{"embeddable":true,"href":"https:\/\/lucacastelli.com\/fr\/wp-json\/wp\/v2\/media\/424000"}],"wp:attachment":[{"href":"https:\/\/lucacastelli.com\/fr\/wp-json\/wp\/v2\/media?parent=464117"}],"wp:term":[{"taxonomy":"product_brand","embeddable":true,"href":"https:\/\/lucacastelli.com\/fr\/wp-json\/wp\/v2\/product_brand?post=464117"},{"taxonomy":"product_cat","embeddable":true,"href":"https:\/\/lucacastelli.com\/fr\/wp-json\/wp\/v2\/product_cat?post=464117"},{"taxonomy":"product_tag","embeddable":true,"href":"https:\/\/lucacastelli.com\/fr\/wp-json\/wp\/v2\/product_tag?post=464117"}],"curies":[{"name":"wp","href":"https:\/\/api.w.org\/{rel}","templated":true}]}}