{"id":464114,"date":"2025-06-01T00:55:52","date_gmt":"2025-05-31T22:55:52","guid":{"rendered":"https:\/\/lucacastelli.com\/prodotto\/ap-300-s\/"},"modified":"2026-04-15T11:27:14","modified_gmt":"2026-04-15T09:27:14","slug":"ap-300-s","status":"publish","type":"product","link":"https:\/\/lucacastelli.com\/fr\/produit\/ap-300-s\/","title":{"rendered":"STIHL AP 300 S"},"content":{"rendered":"<p>pAvec la batterie STIHL AP 300 S et le Connector int\u00e9gr\u00e9, vous pouvez enregistrer et sauvegarder centralement les donn\u00e9es de la batterie. Vous disposez ainsi d&#8217;une vue d&#8217;ensemble optimale de vos batteries. Avec STIHL connected, vous pouvez analyser la consommation d&#8217;\u00e9nergie, le temps d&#8217;utilisation quotidien et l&#8217;\u00e9tat de sant\u00e9 de la batterie. Vous pouvez utiliser un smartphone ou la STIHL Connected Box pour visualiser la derni\u00e8re position GPS connue de la batterie AP 300 S. Si toutes les batteries se trouvent dans le rayon d&#8217;action du Bluetooth\u00a9, par exemple lors d&#8217;une utilisation en ext\u00e9rieur, elles s&#8217;affichent dans l&#8217;application STIHL connected. Vous pouvez \u00e9galement v\u00e9rifier si toutes les batteries ont \u00e9t\u00e9 correctement rang\u00e9es et stock\u00e9es.\/p<br \/>\n886661553815<\/p>\n<p>Tension nominale 36,0<br \/>\nTechnologie des cellules de batterie Technologie des cellules de batterie<\/p>\n<p>Poids de la batterie Poids de la batterie<br \/>\nContenu \u00e9nerg\u00e9tique 281,00<br \/>\nCapacit\u00e9 nominale selon IEC 61960 7,20<\/p>\n","protected":false},"excerpt":{"rendered":"<p>AP 300 S<\/p>\n","protected":false},"featured_media":431351,"template":"","meta":{"_seopress_robots_primary_cat":"none","_seopress_titles_title":"","_seopress_titles_desc":"","_seopress_robots_index":""},"product_brand":[3554],"product_cat":[169,1449],"product_tag":[7415],"class_list":{"0":"post-464114","1":"product","2":"type-product","3":"status-publish","4":"has-post-thumbnail","6":"product_brand-stihl-de","7":"product_cat-maschinen","8":"product_cat-batteriesysteme-zubehor","9":"product_tag-import-stihl-fr","10":"sws-gruppo-macchinari-fr","11":"sws-conto-ricavi-merci-rivendita-macchinari-fr","12":"sws-gruppo-iva-iva81-fr","14":"first","15":"instock","16":"purchasable","17":"product-type-simple"},"_links":{"self":[{"href":"https:\/\/lucacastelli.com\/fr\/wp-json\/wp\/v2\/product\/464114","targetHints":{"allow":["GET"]}}],"collection":[{"href":"https:\/\/lucacastelli.com\/fr\/wp-json\/wp\/v2\/product"}],"about":[{"href":"https:\/\/lucacastelli.com\/fr\/wp-json\/wp\/v2\/types\/product"}],"wp:featuredmedia":[{"embeddable":true,"href":"https:\/\/lucacastelli.com\/fr\/wp-json\/wp\/v2\/media\/431351"}],"wp:attachment":[{"href":"https:\/\/lucacastelli.com\/fr\/wp-json\/wp\/v2\/media?parent=464114"}],"wp:term":[{"taxonomy":"product_brand","embeddable":true,"href":"https:\/\/lucacastelli.com\/fr\/wp-json\/wp\/v2\/product_brand?post=464114"},{"taxonomy":"product_cat","embeddable":true,"href":"https:\/\/lucacastelli.com\/fr\/wp-json\/wp\/v2\/product_cat?post=464114"},{"taxonomy":"product_tag","embeddable":true,"href":"https:\/\/lucacastelli.com\/fr\/wp-json\/wp\/v2\/product_tag?post=464114"}],"curies":[{"name":"wp","href":"https:\/\/api.w.org\/{rel}","templated":true}]}}