{"id":464111,"date":"2025-06-01T00:55:38","date_gmt":"2025-05-31T22:55:38","guid":{"rendered":"https:\/\/lucacastelli.com\/prodotto\/ap-200-s\/"},"modified":"2026-04-15T11:38:19","modified_gmt":"2026-04-15T09:38:19","slug":"ap-200-s","status":"publish","type":"product","link":"https:\/\/lucacastelli.com\/fr\/produit\/ap-200-s\/","title":{"rendered":"STIHL AP 200 S"},"content":{"rendered":"<p>pAvec la batterie STIHL AP 200 S et son Connector int\u00e9gr\u00e9, vous pouvez enregistrer et sauvegarder les donn\u00e9es de la batterie de mani\u00e8re centralis\u00e9e. Vous disposez ainsi d&#8217;une vue d&#8217;ensemble optimale de vos batteries. Avec STIHL connected, vous pouvez analyser la consommation d&#8217;\u00e9nergie, le temps d&#8217;utilisation quotidien et l&#8217;\u00e9tat de sant\u00e9 de la batterie. Vous pouvez utiliser un smartphone ou la STIHL Connected Box pour visualiser la derni\u00e8re position GPS connue de la batterie AP 200 S. Si toutes les batteries se trouvent dans le rayon d&#8217;action du Bluetooth\u00a9, par exemple lors d&#8217;une utilisation en ext\u00e9rieur, elles s&#8217;affichent dans l&#8217;application STIHL connected. Vous pouvez \u00e9galement v\u00e9rifier si toutes les batteries ont \u00e9t\u00e9 correctement rang\u00e9es et stock\u00e9es.\/ppnbsp;\/ppnbsp;\/p<br \/>\n886661561216<\/p>\n<p>Tension nominale 36,0<br \/>\nPoids de la batterie Poids de la batterie<\/p>\n<p>Contenu \u00e9nerg\u00e9tique Contenu \u00e9nerg\u00e9tique<br \/>\nCapacit\u00e9 nominale selon IEC 61960 4,80<br \/>\nCapacit\u00e9 nominale de la cellule (selon les donn\u00e9es du fabricant) 2,60<\/p>\n","protected":false},"excerpt":{"rendered":"<p>AP 200 S<\/p>\n","protected":false},"featured_media":431343,"template":"","meta":{"_seopress_robots_primary_cat":"none","_seopress_titles_title":"","_seopress_titles_desc":"","_seopress_robots_index":""},"product_brand":[3555],"product_cat":[167,1450],"product_tag":[3267],"class_list":{"0":"post-464111","1":"product","2":"type-product","3":"status-publish","4":"has-post-thumbnail","6":"product_brand-stihl-fr","7":"product_cat-machines","8":"product_cat-systemes-de-batteries-accessoires","9":"product_tag-import-stihl-fr","10":"sws-gruppo-macchinari-fr","11":"sws-conto-ricavi-merci-rivendita-macchinari-fr","12":"sws-gruppo-iva-iva81-fr","14":"first","15":"onbackorder","16":"purchasable","17":"product-type-simple"},"_links":{"self":[{"href":"https:\/\/lucacastelli.com\/fr\/wp-json\/wp\/v2\/product\/464111","targetHints":{"allow":["GET"]}}],"collection":[{"href":"https:\/\/lucacastelli.com\/fr\/wp-json\/wp\/v2\/product"}],"about":[{"href":"https:\/\/lucacastelli.com\/fr\/wp-json\/wp\/v2\/types\/product"}],"wp:featuredmedia":[{"embeddable":true,"href":"https:\/\/lucacastelli.com\/fr\/wp-json\/wp\/v2\/media\/431343"}],"wp:attachment":[{"href":"https:\/\/lucacastelli.com\/fr\/wp-json\/wp\/v2\/media?parent=464111"}],"wp:term":[{"taxonomy":"product_brand","embeddable":true,"href":"https:\/\/lucacastelli.com\/fr\/wp-json\/wp\/v2\/product_brand?post=464111"},{"taxonomy":"product_cat","embeddable":true,"href":"https:\/\/lucacastelli.com\/fr\/wp-json\/wp\/v2\/product_cat?post=464111"},{"taxonomy":"product_tag","embeddable":true,"href":"https:\/\/lucacastelli.com\/fr\/wp-json\/wp\/v2\/product_tag?post=464111"}],"curies":[{"name":"wp","href":"https:\/\/api.w.org\/{rel}","templated":true}]}}