{"id":464104,"date":"2025-06-01T00:56:50","date_gmt":"2025-05-31T22:56:50","guid":{"rendered":"https:\/\/lucacastelli.com\/prodotto\/systeme-de-soutien-des-epaules\/"},"modified":"2026-03-02T10:09:16","modified_gmt":"2026-03-02T09:09:16","slug":"systeme-de-soutien-des-epaules","status":"publish","type":"product","link":"https:\/\/lucacastelli.com\/fr\/produit\/systeme-de-soutien-des-epaules\/","title":{"rendered":"STIHL Syst\u00e8me de portage \u00e0 dos"},"content":{"rendered":"<p>Sac \u00e0 dos confortable et l\u00e9ger pour une ou deux batteries AP. Utilisable avec une pochette AP avec c\u00e2ble de raccordement comme alternative \u00e0 la batterie \u00e0 dos AR. Convient aux appareils avec c\u00e2ble de raccordement ou compartiment batterie.<br \/>\n886661405282  <\/p>\n","protected":false},"excerpt":{"rendered":"<p>Syst\u00e8me de portage \u00e0 dos<\/p>\n","protected":false},"featured_media":431383,"template":"","meta":{"_seopress_robots_primary_cat":"none","_seopress_titles_title":"","_seopress_titles_desc":"","_seopress_robots_index":""},"product_brand":[3366],"product_cat":[29,491],"product_tag":[3265],"class_list":{"0":"post-464104","1":"product","2":"type-product","3":"status-publish","4":"has-post-thumbnail","6":"product_brand-stihl","7":"product_cat-macchinari","8":"product_cat-accessori-sistemi-a-batteria","9":"product_tag-import-stihl","10":"sws-gruppo-macchinari-fr","11":"sws-conto-ricavi-merci-rivendita-macchinari-fr","12":"sws-gruppo-iva-iva81-fr","14":"first","15":"onbackorder","16":"purchasable","17":"product-type-simple"},"_links":{"self":[{"href":"https:\/\/lucacastelli.com\/fr\/wp-json\/wp\/v2\/product\/464104","targetHints":{"allow":["GET"]}}],"collection":[{"href":"https:\/\/lucacastelli.com\/fr\/wp-json\/wp\/v2\/product"}],"about":[{"href":"https:\/\/lucacastelli.com\/fr\/wp-json\/wp\/v2\/types\/product"}],"wp:featuredmedia":[{"embeddable":true,"href":"https:\/\/lucacastelli.com\/fr\/wp-json\/wp\/v2\/media\/431383"}],"wp:attachment":[{"href":"https:\/\/lucacastelli.com\/fr\/wp-json\/wp\/v2\/media?parent=464104"}],"wp:term":[{"taxonomy":"product_brand","embeddable":true,"href":"https:\/\/lucacastelli.com\/fr\/wp-json\/wp\/v2\/product_brand?post=464104"},{"taxonomy":"product_cat","embeddable":true,"href":"https:\/\/lucacastelli.com\/fr\/wp-json\/wp\/v2\/product_cat?post=464104"},{"taxonomy":"product_tag","embeddable":true,"href":"https:\/\/lucacastelli.com\/fr\/wp-json\/wp\/v2\/product_tag?post=464104"}],"curies":[{"name":"wp","href":"https:\/\/api.w.org\/{rel}","templated":true}]}}