{"id":464077,"date":"2025-06-01T01:04:55","date_gmt":"2025-05-31T23:04:55","guid":{"rendered":"https:\/\/lucacastelli.com\/prodotto\/ar-3000-l\/"},"modified":"2025-06-28T03:52:53","modified_gmt":"2025-06-28T01:52:53","slug":"ar-3000-l","status":"publish","type":"product","link":"https:\/\/lucacastelli.com\/fr\/produit\/ar-3000-l\/","title":{"rendered":"STIHL AR 3000 L"},"content":{"rendered":"<p>Batteries lithium-ion \u00e0 haut contenu \u00e9nerg\u00e9tique pour les travaux particuli\u00e8rement longs ; Port USB, interface Bluetooth\u00ae pour la connexion avec STIHL connect\u00e9. Bo\u00eetier robuste avec poign\u00e9e de transport int\u00e9gr\u00e9e et indicateur d\u2019\u00e9tat de charge (six LED). Contact direct avec RMA 765 V. En combinaison avec le syst\u00e8me de transport AR L et le c\u00e2ble de connexion AR L, ils conviennent aux appareils avec prise et, en combinaison avec l\u2019adaptateur AP, ils conviennent aux appareils avec un compartiment \u00e0 piles. Peut \u00eatre utilis\u00e9 en cas de pluie.<br \/>\n886661810468<\/p>\n<p>Tension nominale 36.0<br \/>\nTechnologie des cellules de batterie Technologie des cellules de batterie<\/p>\n<p>Poids de la batterie Poids de<br \/>\nla batterie Contenu \u00e9nerg\u00e9tique 1520.00<br \/>\nCapacit\u00e9 nominale selon IEC 61960 41.20<\/p>\n","protected":false},"excerpt":{"rendered":"<p>AR 3000 L<\/p>\n","protected":false},"featured_media":431630,"template":"","meta":{"_seopress_robots_primary_cat":"","_seopress_titles_title":"","_seopress_titles_desc":"","_seopress_robots_index":""},"product_brand":[3366],"product_cat":[29,491],"product_tag":[3265],"class_list":{"0":"post-464077","1":"product","2":"type-product","3":"status-publish","4":"has-post-thumbnail","6":"product_brand-stihl","7":"product_cat-macchinari","8":"product_cat-accessori-sistemi-a-batteria","9":"product_tag-import-stihl","10":"sws-gruppo-macchinari-fr","11":"sws-conto-ricavi-merci-rivendita-macchinari-fr","12":"sws-gruppo-iva-iva81-fr","14":"first","15":"onbackorder","16":"purchasable","17":"product-type-simple"},"_links":{"self":[{"href":"https:\/\/lucacastelli.com\/fr\/wp-json\/wp\/v2\/product\/464077","targetHints":{"allow":["GET"]}}],"collection":[{"href":"https:\/\/lucacastelli.com\/fr\/wp-json\/wp\/v2\/product"}],"about":[{"href":"https:\/\/lucacastelli.com\/fr\/wp-json\/wp\/v2\/types\/product"}],"wp:featuredmedia":[{"embeddable":true,"href":"https:\/\/lucacastelli.com\/fr\/wp-json\/wp\/v2\/media\/431630"}],"wp:attachment":[{"href":"https:\/\/lucacastelli.com\/fr\/wp-json\/wp\/v2\/media?parent=464077"}],"wp:term":[{"taxonomy":"product_brand","embeddable":true,"href":"https:\/\/lucacastelli.com\/fr\/wp-json\/wp\/v2\/product_brand?post=464077"},{"taxonomy":"product_cat","embeddable":true,"href":"https:\/\/lucacastelli.com\/fr\/wp-json\/wp\/v2\/product_cat?post=464077"},{"taxonomy":"product_tag","embeddable":true,"href":"https:\/\/lucacastelli.com\/fr\/wp-json\/wp\/v2\/product_tag?post=464077"}],"curies":[{"name":"wp","href":"https:\/\/api.w.org\/{rel}","templated":true}]}}