{"id":464075,"date":"2025-06-01T01:06:04","date_gmt":"2025-05-31T23:06:04","guid":{"rendered":"https:\/\/lucacastelli.com\/prodotto\/systeme-de-soutien-depaule-ar-l\/"},"modified":"2025-06-28T03:53:00","modified_gmt":"2025-06-28T01:53:00","slug":"systeme-de-soutien-depaule-ar-l","status":"publish","type":"product","link":"https:\/\/lucacastelli.com\/fr\/produit\/systeme-de-soutien-depaule-ar-l\/","title":{"rendered":"STIHL Syst\u00e8me de soutien d\u2019\u00e9paule AR L"},"content":{"rendered":"<p>Syst\u00e8me d\u2019\u00e9paulement pour la fixation des AR 2000 L et AR 3000 L sans outils. Avec des bretelles r\u00e9glables en trois positions pour s\u2019adapter \u00e0 la taille du corps et une ceinture mobile pour une position ergonomique. La transmission de l\u2019\u00e9nergie utilise le c\u00e2ble de connexion et \u00e9ventuellement l\u2019adaptateur AP.<br \/>\n886661899944  <\/p>\n","protected":false},"excerpt":{"rendered":"<p>Syst\u00e8me de soutien d\u2019\u00e9paule AR L<\/p>\n","protected":false},"featured_media":437709,"template":"","meta":{"_seopress_robots_primary_cat":"","_seopress_titles_title":"","_seopress_titles_desc":"","_seopress_robots_index":""},"product_brand":[3555],"product_cat":[167,1450],"product_tag":[3267],"class_list":{"0":"post-464075","1":"product","2":"type-product","3":"status-publish","4":"has-post-thumbnail","6":"product_brand-stihl-fr","7":"product_cat-machines","8":"product_cat-systemes-de-batteries-accessoires","9":"product_tag-import-stihl-fr","10":"sws-gruppo-macchinari-fr","11":"sws-conto-ricavi-merci-rivendita-macchinari-fr","12":"sws-gruppo-iva-iva81-fr","14":"first","15":"onbackorder","16":"purchasable","17":"product-type-simple"},"_links":{"self":[{"href":"https:\/\/lucacastelli.com\/fr\/wp-json\/wp\/v2\/product\/464075","targetHints":{"allow":["GET"]}}],"collection":[{"href":"https:\/\/lucacastelli.com\/fr\/wp-json\/wp\/v2\/product"}],"about":[{"href":"https:\/\/lucacastelli.com\/fr\/wp-json\/wp\/v2\/types\/product"}],"wp:featuredmedia":[{"embeddable":true,"href":"https:\/\/lucacastelli.com\/fr\/wp-json\/wp\/v2\/media\/437709"}],"wp:attachment":[{"href":"https:\/\/lucacastelli.com\/fr\/wp-json\/wp\/v2\/media?parent=464075"}],"wp:term":[{"taxonomy":"product_brand","embeddable":true,"href":"https:\/\/lucacastelli.com\/fr\/wp-json\/wp\/v2\/product_brand?post=464075"},{"taxonomy":"product_cat","embeddable":true,"href":"https:\/\/lucacastelli.com\/fr\/wp-json\/wp\/v2\/product_cat?post=464075"},{"taxonomy":"product_tag","embeddable":true,"href":"https:\/\/lucacastelli.com\/fr\/wp-json\/wp\/v2\/product_tag?post=464075"}],"curies":[{"name":"wp","href":"https:\/\/api.w.org\/{rel}","templated":true}]}}