{"id":464059,"date":"2025-06-01T03:58:26","date_gmt":"2025-06-01T01:58:26","guid":{"rendered":"https:\/\/lucacastelli.com\/prodotto\/holzstapelturm-spiel\/"},"modified":"2025-06-26T07:27:10","modified_gmt":"2025-06-26T05:27:10","slug":"holzstapelturm-spiel","status":"publish","type":"product","link":"https:\/\/lucacastelli.com\/fr\/produit\/holzstapelturm-spiel\/","title":{"rendered":"Holzstapelturm Spiel"},"content":{"rendered":"<p>De quoi avez-vous besoin ? Une main s\u00fbre&#8230; Et beaucoup, beaucoup de patience. Voici le<br \/>\nc\u00e9l\u00e8bre jeu revisit\u00e9 selon la philosophie STIHL. Jeu d\u2019adresse<br \/>\nadapt\u00e9 \u00e0 tous les \u00e2ges. Tout ce dont vous avez besoin, c\u2019est d\u2019une main ferme. L\u2019objectif est<br \/>\nd\u2019empiler tous les blocs de bois avec la certification FSC. Les 54 blocs et l\u2019\u00e9tui sont orn\u00e9s d\u2019une gravure laser avec STIHL.<br \/>\n886661377473     <\/p>\n<p>Marron<\/p>\n","protected":false},"excerpt":{"rendered":"<p>Holzstapelturm Spiel<\/p>\n","protected":false},"featured_media":428611,"template":"","meta":{"_seopress_robots_primary_cat":"","_seopress_titles_title":"","_seopress_titles_desc":"","_seopress_robots_index":""},"product_brand":[3555],"product_cat":[1477],"product_tag":[3267],"class_list":{"0":"post-464059","1":"product","2":"type-product","3":"status-publish","4":"has-post-thumbnail","6":"product_brand-stihl-fr","7":"product_cat-shop-fr","8":"product_tag-import-stihl-fr","9":"sws-gruppo-abb-libero-fr","10":"sws-conto-ricavi-merci-rivendita-abbigliamento-fr","11":"sws-gruppo-iva-iva81-fr","13":"first","14":"onbackorder","15":"purchasable","16":"product-type-simple"},"_links":{"self":[{"href":"https:\/\/lucacastelli.com\/fr\/wp-json\/wp\/v2\/product\/464059","targetHints":{"allow":["GET"]}}],"collection":[{"href":"https:\/\/lucacastelli.com\/fr\/wp-json\/wp\/v2\/product"}],"about":[{"href":"https:\/\/lucacastelli.com\/fr\/wp-json\/wp\/v2\/types\/product"}],"wp:featuredmedia":[{"embeddable":true,"href":"https:\/\/lucacastelli.com\/fr\/wp-json\/wp\/v2\/media\/428611"}],"wp:attachment":[{"href":"https:\/\/lucacastelli.com\/fr\/wp-json\/wp\/v2\/media?parent=464059"}],"wp:term":[{"taxonomy":"product_brand","embeddable":true,"href":"https:\/\/lucacastelli.com\/fr\/wp-json\/wp\/v2\/product_brand?post=464059"},{"taxonomy":"product_cat","embeddable":true,"href":"https:\/\/lucacastelli.com\/fr\/wp-json\/wp\/v2\/product_cat?post=464059"},{"taxonomy":"product_tag","embeddable":true,"href":"https:\/\/lucacastelli.com\/fr\/wp-json\/wp\/v2\/product_tag?post=464059"}],"curies":[{"name":"wp","href":"https:\/\/api.w.org\/{rel}","templated":true}]}}