{"id":464057,"date":"2025-06-01T03:58:13","date_gmt":"2025-06-01T01:58:13","guid":{"rendered":"https:\/\/lucacastelli.com\/prodotto\/ensemble-de-sucette\/"},"modified":"2026-03-07T22:36:15","modified_gmt":"2026-03-07T21:36:15","slug":"ensemble-de-sucette","status":"publish","type":"product","link":"https:\/\/lucacastelli.com\/fr\/produit\/ensemble-de-sucette\/","title":{"rendered":"Ensemble de sucette STIHL"},"content":{"rendered":"<p>La sucette QuickStop, dans l\u2019emballage pratique en deux parties,<br \/>\n calme et favorise le sommeil des fans de b\u00e9b\u00e9s STIHL du 6e au 18e mois. La sucette en silicone est adapt\u00e9e \u00e0 un usage alimentaire, conform\u00e9ment \u00e0 la norme europ\u00e9enne EN 1400.<br \/>\n886661394166 <\/p>\n<p>Groupe cible Enfant<br \/>\nCouleur Couleur<\/p>\n<p>Couleur suppl\u00e9mentaire Couleur<br \/>\nsuppl\u00e9mentaire Couleur suppl\u00e9mentaire Noir<\/p>\n","protected":false},"excerpt":{"rendered":"<p>Ensemble de sucette<\/p>\n","protected":false},"featured_media":440532,"template":"","meta":{"_seopress_robots_primary_cat":"","_seopress_titles_title":"","_seopress_titles_desc":"","_seopress_robots_index":""},"product_brand":[3555],"product_cat":[1477],"product_tag":[3267],"class_list":{"0":"post-464057","1":"product","2":"type-product","3":"status-publish","4":"has-post-thumbnail","6":"product_brand-stihl-fr","7":"product_cat-shop-fr","8":"product_tag-import-stihl-fr","9":"sws-gruppo-macchinari-fr","10":"sws-conto-ricavi-merci-rivendita-macchinari-fr","11":"sws-gruppo-iva-iva81-fr","13":"first","14":"onbackorder","15":"purchasable","16":"product-type-simple"},"_links":{"self":[{"href":"https:\/\/lucacastelli.com\/fr\/wp-json\/wp\/v2\/product\/464057","targetHints":{"allow":["GET"]}}],"collection":[{"href":"https:\/\/lucacastelli.com\/fr\/wp-json\/wp\/v2\/product"}],"about":[{"href":"https:\/\/lucacastelli.com\/fr\/wp-json\/wp\/v2\/types\/product"}],"wp:featuredmedia":[{"embeddable":true,"href":"https:\/\/lucacastelli.com\/fr\/wp-json\/wp\/v2\/media\/440532"}],"wp:attachment":[{"href":"https:\/\/lucacastelli.com\/fr\/wp-json\/wp\/v2\/media?parent=464057"}],"wp:term":[{"taxonomy":"product_brand","embeddable":true,"href":"https:\/\/lucacastelli.com\/fr\/wp-json\/wp\/v2\/product_brand?post=464057"},{"taxonomy":"product_cat","embeddable":true,"href":"https:\/\/lucacastelli.com\/fr\/wp-json\/wp\/v2\/product_cat?post=464057"},{"taxonomy":"product_tag","embeddable":true,"href":"https:\/\/lucacastelli.com\/fr\/wp-json\/wp\/v2\/product_tag?post=464057"}],"curies":[{"name":"wp","href":"https:\/\/api.w.org\/{rel}","templated":true}]}}