{"id":464056,"date":"2025-06-03T21:30:24","date_gmt":"2025-06-03T19:30:24","guid":{"rendered":"https:\/\/lucacastelli.com\/prodotto\/etages-pour-etages-vibrants\/"},"modified":"2026-01-01T15:04:34","modified_gmt":"2026-01-01T14:04:34","slug":"etages-pour-etages-vibrants","status":"publish","type":"product","link":"https:\/\/lucacastelli.com\/fr\/produit\/etages-pour-etages-vibrants\/","title":{"rendered":"MILWAUKEE Stages pour Stages Vibrantes"},"content":{"rendered":"<p>Nos attaches sont dot\u00e9es d\u2019une conception \u00e0 double triangle extr\u00eamement rigide qui assure une transmission constante des vibrations sur toute la longueur de la barre&lt;br&gt;  Tiges l\u00e9g\u00e8res en magn\u00e9sium pour r\u00e9duire le poids de l\u2019outil&lt;br&gt;  Conception de la pince sans trous sur la barre pour permettre une fixation rapide et facile de la pince \u00e0 l\u2019outil&lt;br&gt;  Niveaux disponibles de 1,22 m \u00e0 4,87 m&lt;br&gt; Compatible avec la Station Vibrante MX FUEL\u2122<\/p>\n<p>CODE BARRE : 4058546375713<\/p>\n<p>Caract\u00e9ristiques<br \/>\ntechniques 5.5<\/p>\n","protected":false},"excerpt":{"rendered":"<p>Nos attaches sont dot\u00e9es d\u2019une conception \u00e0 double triangle extr\u00eamement rigide qui assure une transmission constante des vibrations sur toute<\/p>\n","protected":false},"featured_media":503421,"template":"","meta":{"_seopress_robots_primary_cat":"","_seopress_titles_title":"","_seopress_titles_desc":"","_seopress_robots_index":""},"product_brand":[3407],"product_cat":[21],"product_tag":[],"class_list":{"0":"post-464056","1":"product","2":"type-product","3":"status-publish","4":"has-post-thumbnail","6":"product_brand-milwaukee","7":"product_cat-abbigliamento","9":"first","10":"onbackorder","11":"purchasable","12":"product-type-simple"},"_links":{"self":[{"href":"https:\/\/lucacastelli.com\/fr\/wp-json\/wp\/v2\/product\/464056","targetHints":{"allow":["GET"]}}],"collection":[{"href":"https:\/\/lucacastelli.com\/fr\/wp-json\/wp\/v2\/product"}],"about":[{"href":"https:\/\/lucacastelli.com\/fr\/wp-json\/wp\/v2\/types\/product"}],"wp:featuredmedia":[{"embeddable":true,"href":"https:\/\/lucacastelli.com\/fr\/wp-json\/wp\/v2\/media\/503421"}],"wp:attachment":[{"href":"https:\/\/lucacastelli.com\/fr\/wp-json\/wp\/v2\/media?parent=464056"}],"wp:term":[{"taxonomy":"product_brand","embeddable":true,"href":"https:\/\/lucacastelli.com\/fr\/wp-json\/wp\/v2\/product_brand?post=464056"},{"taxonomy":"product_cat","embeddable":true,"href":"https:\/\/lucacastelli.com\/fr\/wp-json\/wp\/v2\/product_cat?post=464056"},{"taxonomy":"product_tag","embeddable":true,"href":"https:\/\/lucacastelli.com\/fr\/wp-json\/wp\/v2\/product_tag?post=464056"}],"curies":[{"name":"wp","href":"https:\/\/api.w.org\/{rel}","templated":true}]}}