{"id":464040,"date":"2025-06-01T06:38:11","date_gmt":"2025-06-01T04:38:11","guid":{"rendered":"https:\/\/lucacastelli.com\/prodotto\/groupe-electrogene\/"},"modified":"2025-06-29T08:04:37","modified_gmt":"2025-06-29T06:04:37","slug":"groupe-electrogene","status":"publish","type":"product","link":"https:\/\/lucacastelli.com\/fr\/produit\/groupe-electrogene\/","title":{"rendered":"Groupe \u00e9lectrog\u00e8ne MILWAUKEE"},"content":{"rendered":"<p>Le syst\u00e8me MX FUEL\u2122 vous permet d\u2019atteindre de nouveaux horizons sur batterie : performances des solutions essence, fil ou pneumatiques, \u00e9liminant les dangers li\u00e9s aux \u00e9missions, au bruit, aux vibrations, aux tr\u00e9buchements et aux maintenances complexes&lt;Br&gt;  Puissance de cr\u00eate de 3 600 W et puissance d\u2019onde pure continue de 1 800 W : alimente \u00e0 la fois les \u00e9quipements 16A haute puissance et les appareils \u00e9lectroniques&lt;Br&gt;  Peut \u00eatre utilis\u00e9 \u00e0 l\u2019int\u00e9rieur : pas d\u2019\u00e9missions et faible niveau sonore (68 dB(A))&lt;Br&gt;  L\u2019alimentation par batterie \u00e9limine les co\u00fbts associ\u00e9s \u00e0 l\u2019essence et \u00e0 l\u2019entretien, ce qui r\u00e9duit les temps d\u2019arr\u00eat et augmente l\u2019efficacit\u00e9 du travail&lt;Br&gt;  Agit comme un chargeur pour les batteries MX FUEL\u2122 lorsqu\u2019elles sont branch\u00e9es&lt;Br&gt;  Le syst\u00e8me de suivi et de s\u00e9curit\u00e9 ONE-KEY\u2122 offre un service de suivi et de gestion des stocks bas\u00e9 sur le cloud gratuitement, tout en ayant des capacit\u00e9s de blocage \u00e0 distance&lt;Br&gt;  Protection et durabilit\u00e9 maximales gr\u00e2ce \u00e0 la conception robuste de la cage&lt;Br&gt;  Fonctionne avec une ou deux batteries, pour maximiser l\u2019autonomie&lt;Br&gt;  Capable d\u2019alimenter simultan\u00e9ment un appareil 16A et un appareil basse tension&lt;Br&gt;  Ne pas utiliser en cas d\u2019intemp\u00e9ries (pluie, neige)&lt;Br&gt;  Dimensions (L x l x H) : 39,3 x 30,4 x 52,8 cm, poids 28,2 kg avec 2 piles<\/p>\n<p>CODE BARRE : 4058546370602<\/p>\n<p>Caract\u00e9ristiques techniques<br \/>\n1800.0<\/p>\n<p>2 x batterie MXF XC406, chargeur int\u00e9gr\u00e9, fourni sans kitbox ni sac<\/p>\n","protected":false},"excerpt":{"rendered":"<p>Le syst\u00e8me MX FUEL\u2122 vous permet d\u2019atteindre de nouveaux horizons sur batterie : performances des solutions essence, fil ou pneumatiques,<\/p>\n","protected":false},"featured_media":433643,"template":"","meta":{"_seopress_robots_primary_cat":"","_seopress_titles_title":"","_seopress_titles_desc":"","_seopress_robots_index":""},"product_brand":[3407],"product_cat":[29,514,542],"product_tag":[3270],"class_list":{"0":"post-464040","1":"product","2":"type-product","3":"status-publish","4":"has-post-thumbnail","6":"product_brand-milwaukee","7":"product_cat-macchinari","8":"product_cat-altri-dispositivi","9":"product_cat-generatori","10":"product_tag-import-milwau","11":"sws-gruppo-macchinari-fr","12":"sws-conto-ricavi-merci-rivendita-macchinari-fr","13":"sws-gruppo-iva-iva81-fr","15":"first","16":"instock","17":"sale","18":"purchasable","19":"product-type-simple"},"_links":{"self":[{"href":"https:\/\/lucacastelli.com\/fr\/wp-json\/wp\/v2\/product\/464040","targetHints":{"allow":["GET"]}}],"collection":[{"href":"https:\/\/lucacastelli.com\/fr\/wp-json\/wp\/v2\/product"}],"about":[{"href":"https:\/\/lucacastelli.com\/fr\/wp-json\/wp\/v2\/types\/product"}],"wp:featuredmedia":[{"embeddable":true,"href":"https:\/\/lucacastelli.com\/fr\/wp-json\/wp\/v2\/media\/433643"}],"wp:attachment":[{"href":"https:\/\/lucacastelli.com\/fr\/wp-json\/wp\/v2\/media?parent=464040"}],"wp:term":[{"taxonomy":"product_brand","embeddable":true,"href":"https:\/\/lucacastelli.com\/fr\/wp-json\/wp\/v2\/product_brand?post=464040"},{"taxonomy":"product_cat","embeddable":true,"href":"https:\/\/lucacastelli.com\/fr\/wp-json\/wp\/v2\/product_cat?post=464040"},{"taxonomy":"product_tag","embeddable":true,"href":"https:\/\/lucacastelli.com\/fr\/wp-json\/wp\/v2\/product_tag?post=464040"}],"curies":[{"name":"wp","href":"https:\/\/api.w.org\/{rel}","templated":true}]}}