{"id":464038,"date":"2025-06-01T06:37:50","date_gmt":"2025-06-01T04:37:50","guid":{"rendered":"https:\/\/lucacastelli.com\/prodotto\/colonne-pour-carotteuse\/"},"modified":"2025-06-29T08:04:36","modified_gmt":"2025-06-29T06:04:36","slug":"colonne-pour-carotteuse","status":"publish","type":"product","link":"https:\/\/lucacastelli.com\/fr\/produit\/colonne-pour-carotteuse\/","title":{"rendered":"Colonne de carottage MILWAUKEE"},"content":{"rendered":"<p>Poign\u00e9e de guidage r\u00e9glable en hauteur et levier de r\u00e9glage de la profondeur de per\u00e7age facilement accessible et actionnable d\u2019une seule main&lt;Br&gt;  Collier avec raccord universel de 60 mm, pour des raccordements plus rapides&lt;Br&gt;  Compatible avec le M18\u2122 SWITCH TANK\u2122 R\u00e9servoir d\u2019eau de 15 l&lt;Br&gt;  Pour des al\u00e9sages jusqu\u2019\u00e0 250 mm de diam\u00e8tre &#8211; colonne adapt\u00e9e \u00e0 une utilisation avec la carotteuse MXF DCD150 \u00e0 2 vitesses&lt;Br&gt;  Peut \u00eatre utilis\u00e9 sous vide sur des surfaces lisses et planes&lt;Br&gt;  La plaque de base indique l\u2019angle de per\u00e7age, peut \u00eatre inclin\u00e9e et utilis\u00e9e de 0\u00b0 \u00e0 45\u00b0&lt;Br&gt;  Blocs coulissants r\u00e9glables&lt;Br&gt;  Fabriqu\u00e9 en aluminium l\u00e9ger et durable&lt;Br&gt;  Kit de fixation du b\u00e9ton (4932399731) inclus<\/p>\n<p>CODE BARRE : 4058546338930<\/p>\n<p>Caract\u00e9ristiques techniques<br \/>\nAucun sac ni box fourni<\/p>\n<p>Kit de fixation en b\u00e9ton (4932399731), joint en caoutchouc de rechange, cl\u00e9 17 x 19, cl\u00e9 hexagonale de 6 mm, cl\u00e9 hexagonale de 8 mm, support universel avec pince de serrage de 60 mm<\/p>\n","protected":false},"excerpt":{"rendered":"<p>Poign\u00e9e de guidage r\u00e9glable en hauteur et levier de r\u00e9glage de la profondeur de per\u00e7age facilement accessible et actionnable d\u2019une<\/p>\n","protected":false},"featured_media":433569,"template":"","meta":{"_seopress_robots_primary_cat":"","_seopress_titles_title":"","_seopress_titles_desc":"","_seopress_robots_index":""},"product_brand":[3658],"product_cat":[1453,167],"product_tag":[3273],"class_list":{"0":"post-464038","1":"product","2":"type-product","3":"status-publish","4":"has-post-thumbnail","6":"product_brand-milwaukee-fr","7":"product_cat-autres-appareils","8":"product_cat-machines","9":"product_tag-import-milwau-fr","10":"sws-gruppo-macchinari-fr","11":"sws-conto-ricavi-merci-rivendita-macchinari-fr","12":"sws-gruppo-iva-iva81-fr","14":"first","15":"instock","16":"sale","17":"purchasable","18":"product-type-simple"},"_links":{"self":[{"href":"https:\/\/lucacastelli.com\/fr\/wp-json\/wp\/v2\/product\/464038","targetHints":{"allow":["GET"]}}],"collection":[{"href":"https:\/\/lucacastelli.com\/fr\/wp-json\/wp\/v2\/product"}],"about":[{"href":"https:\/\/lucacastelli.com\/fr\/wp-json\/wp\/v2\/types\/product"}],"wp:featuredmedia":[{"embeddable":true,"href":"https:\/\/lucacastelli.com\/fr\/wp-json\/wp\/v2\/media\/433569"}],"wp:attachment":[{"href":"https:\/\/lucacastelli.com\/fr\/wp-json\/wp\/v2\/media?parent=464038"}],"wp:term":[{"taxonomy":"product_brand","embeddable":true,"href":"https:\/\/lucacastelli.com\/fr\/wp-json\/wp\/v2\/product_brand?post=464038"},{"taxonomy":"product_cat","embeddable":true,"href":"https:\/\/lucacastelli.com\/fr\/wp-json\/wp\/v2\/product_cat?post=464038"},{"taxonomy":"product_tag","embeddable":true,"href":"https:\/\/lucacastelli.com\/fr\/wp-json\/wp\/v2\/product_tag?post=464038"}],"curies":[{"name":"wp","href":"https:\/\/api.w.org\/{rel}","templated":true}]}}