{"id":464033,"date":"2025-06-01T06:37:57","date_gmt":"2025-06-01T04:37:57","guid":{"rendered":"https:\/\/lucacastelli.com\/prodotto\/tour-declairage\/"},"modified":"2025-06-29T08:04:40","modified_gmt":"2025-06-29T06:04:40","slug":"tour-declairage","status":"publish","type":"product","link":"https:\/\/lucacastelli.com\/fr\/produit\/tour-declairage\/","title":{"rendered":"Phare de MILWAUKEE"},"content":{"rendered":"<p>L\u2019\u00e9clairage TRUEVIEW\u2122 peut fournir jusqu\u2019\u00e0 27 000 lumens lorsqu\u2019il est connect\u00e9 \u00e0 une source d\u2019alimentation et 20 000 lumens lorsqu\u2019il est aliment\u00e9 par batterie&lt;Br&gt;  Les t\u00eates d\u2019\u00e9clairage peuvent \u00eatre pivot\u00e9es dans plusieurs directions&lt;Br&gt;  Poids de seulement 48 kg, facilement transportable sur les terrains accident\u00e9s gr\u00e2ce aux deux grandes roues&lt;Br&gt;  Op\u00e9rationnel en moins de 10 secondes gr\u00e2ce \u00e0 l\u2019arbre motoris\u00e9. Il s\u2019\u00e9tend jusqu\u2019\u00e0 une hauteur de 3,10 m\u00e8tres et peut r\u00e9sister \u00e0 des vents allant jusqu\u2019\u00e0 55 km\/h &lt;Br&gt;  Construit avec des verres en polycarbonate extr\u00eamement durables qui offrent une durabilit\u00e9 accrue&lt;Br&gt;  Compartiment \u00e0 piles isol\u00e9 pour la protection contre les intemp\u00e9ries&lt;Br&gt;  Le syst\u00e8me de suivi et de s\u00e9curit\u00e9 ONE-KEY\u2122 offre un service gratuit de suivi et de gestion des stocks bas\u00e9 sur le cloud, tout en disposant de capacit\u00e9s de verrouillage \u00e0 distance et de personnalisation des performances des outils&lt;Br&gt;  \u00c9quip\u00e9 d\u2019un chargeur MX FUEL\u2122 int\u00e9gr\u00e9 qui vous permet de charger les batteries lorsqu\u2019il est connect\u00e9 \u00e0 une source d\u2019alimentation&lt;Br&gt;  Degr\u00e9 de protection IP 55&lt;Br&gt;  Le syst\u00e8me MX FUEL\u2122 vous permet d\u2019atteindre de nouveaux horizons sur batterie : performances des solutions essence, fil ou pneumatiques, \u00e9liminant les dangers li\u00e9s aux \u00e9missions, au bruit, aux vibrations, aux tr\u00e9buchements et aux maintenances complexes<\/p>\n<p>CODE BARRE : 4058546297435<\/p>\n<p>Caract\u00e9ristiques techniques<br \/>\nUnbegrenzt<\/p>\n<p>1 x batterie MXF XC406, chargeur int\u00e9gr\u00e9, fourni sans kitbox ni sac<\/p>\n","protected":false},"excerpt":{"rendered":"<p>L\u2019\u00e9clairage TRUEVIEW\u2122 peut fournir jusqu\u2019\u00e0 27 000 lumens lorsqu\u2019il est connect\u00e9 \u00e0 une source d\u2019alimentation et 20 000 lumens lorsqu\u2019il<\/p>\n","protected":false},"featured_media":433606,"template":"","meta":{"_seopress_robots_primary_cat":"","_seopress_titles_title":"","_seopress_titles_desc":"","_seopress_robots_index":""},"product_brand":[3407],"product_cat":[29,514],"product_tag":[3270],"class_list":{"0":"post-464033","1":"product","2":"type-product","3":"status-publish","4":"has-post-thumbnail","6":"product_brand-milwaukee","7":"product_cat-macchinari","8":"product_cat-altri-dispositivi","9":"product_tag-import-milwau","10":"sws-gruppo-macchinari-fr","11":"sws-conto-ricavi-merci-rivendita-macchinari-fr","12":"sws-gruppo-iva-iva81-fr","14":"first","15":"instock","16":"sale","17":"purchasable","18":"product-type-simple"},"_links":{"self":[{"href":"https:\/\/lucacastelli.com\/fr\/wp-json\/wp\/v2\/product\/464033","targetHints":{"allow":["GET"]}}],"collection":[{"href":"https:\/\/lucacastelli.com\/fr\/wp-json\/wp\/v2\/product"}],"about":[{"href":"https:\/\/lucacastelli.com\/fr\/wp-json\/wp\/v2\/types\/product"}],"wp:featuredmedia":[{"embeddable":true,"href":"https:\/\/lucacastelli.com\/fr\/wp-json\/wp\/v2\/media\/433606"}],"wp:attachment":[{"href":"https:\/\/lucacastelli.com\/fr\/wp-json\/wp\/v2\/media?parent=464033"}],"wp:term":[{"taxonomy":"product_brand","embeddable":true,"href":"https:\/\/lucacastelli.com\/fr\/wp-json\/wp\/v2\/product_brand?post=464033"},{"taxonomy":"product_cat","embeddable":true,"href":"https:\/\/lucacastelli.com\/fr\/wp-json\/wp\/v2\/product_cat?post=464033"},{"taxonomy":"product_tag","embeddable":true,"href":"https:\/\/lucacastelli.com\/fr\/wp-json\/wp\/v2\/product_tag?post=464033"}],"curies":[{"name":"wp","href":"https:\/\/api.w.org\/{rel}","templated":true}]}}