{"id":464032,"date":"2025-06-01T06:37:39","date_gmt":"2025-06-01T04:37:39","guid":{"rendered":"https:\/\/lucacastelli.com\/prodotto\/carotteuse-seche-humide-3\/"},"modified":"2026-04-17T10:54:23","modified_gmt":"2026-04-17T08:54:23","slug":"carotteuse-seche-humide-3","status":"publish","type":"product","link":"https:\/\/lucacastelli.com\/fr\/produit\/carotteuse-seche-humide-3\/","title":{"rendered":"MILWAUKEE Carotteuse \u00e0 sec et \u00e0 eau"},"content":{"rendered":"<p>Fore \u00e0 sec et \u00e0 eau avec une extr\u00eame facilit\u00e9, offrant les m\u00eames performances que le filaire, jusqu&#8217;\u00e0 un diam\u00e8tre de 152 mm, gr\u00e2ce \u00e0 la puissance \u00e9lev\u00e9e d\u00e9livr\u00e9e par le moteur \u00e0 batterie&lt;br&gt; Possibilit\u00e9 de choisir entre 2 vitesses pour couvrir une large gamme d&#8217;applications&lt;br&gt; Vitesse 1 : 1600 rpm pour des per\u00e7ages jusqu&#8217;\u00e0 75 mm de diam\u00e8tre, \u00e0 sec comme \u00e0 eau&lt;br&gt; Vitesse 2 : 800 rpm pour des per\u00e7ages de 76 mm \u00e0 152 mm de diam\u00e8tre, \u00e0 sec comme \u00e0 eau&lt;br&gt; Syst\u00e8me brevet\u00e9 AUTOSTOP\u2122 pour assurer la protection de l&#8217;utilisateur, emp\u00eachant la rotation accidentelle de l&#8217;outil en cas de perte de contr\u00f4le ou de blocage de la couronne&lt;br&gt; Le niveau \u00e0 bulle int\u00e9gr\u00e9 guide l&#8217;utilisateur lors de l&#8217;application horizontale, lui permettant d&#8217;obtenir un r\u00e9sultat pr\u00e9cis et propre&lt;br&gt; L&#8217;indicateur de pression permet \u00e0 l&#8217;utilisateur d&#8217;optimiser la vitesse de per\u00e7age et de ne pas solliciter excessivement l&#8217;outil&lt;br&gt; L&#8217;indicateur d&#8217;\u00e9tat de charge de la batterie permet \u00e0 l&#8217;utilisateur de surveiller l&#8217;\u00e9nergie r\u00e9siduelle lors de chaque application&lt;br&gt; Possibilit\u00e9 de percer \u00e0 eau gr\u00e2ce \u00e0 la compatibilit\u00e9 avec la pompe de pulv\u00e9risation \u00e0 pr\u00e9compression automatique M18\u2122 SWITCH TANK\u2122&lt;br&gt; Raccords 1 1\/4\u2033 UNC ou 1\/2\u2033 G compatibles avec les couronnes les plus courantes du march\u00e9, conception de la plaque pour des changements d&#8217;accessoires rapides et faciles&lt;br&gt; B\u00e2ti de carottage avec collier de 60 mm MXF DR150 disponible s\u00e9par\u00e9ment (4933464889)&lt;br&gt; Le syst\u00e8me MX FUEL\u2122 permet d&#8217;atteindre de nouveaux horizons sur batterie : performances des solutions \u00e0 essence, filaires ou pneumatiques, en \u00e9liminant les dangers li\u00e9s aux \u00e9missions, au bruit, aux vibrations, aux tr\u00e9buchements ainsi qu&#8217;\u00e0 la maintenance complexe&lt;br&gt; Le syst\u00e8me ONE-KEY\u2122 Tracking &amp; Security offre gratuitement un service de tra\u00e7age et de gestion d&#8217;inventaire bas\u00e9 sur le cloud, disposant \u00e9galement de fonctionnalit\u00e9s de verrouillage \u00e0 distance<\/p>\n<p>CODE-BARRES : 4058546362683<\/p>\n<p>Donn\u00e9es techniques<br \/>\n12.4 (MXF CP203)<\/p>\n<p>Livr\u00e9 sans batteries, livr\u00e9 sans chargeur, coffret, interrupteur avec blocage, poign\u00e9e lat\u00e9rale<\/p>\n","protected":false},"excerpt":{"rendered":"<p>Fore \u00e0 sec et \u00e0 eau avec une extr\u00eame facilit\u00e9, offrant les m\u00eames performances que le filaire, jusqu&#8217;\u00e0 un diam\u00e8tre<\/p>\n","protected":false},"featured_media":433458,"template":"","meta":{"_seopress_robots_primary_cat":"","_seopress_titles_title":"","_seopress_titles_desc":"","_seopress_robots_index":""},"product_brand":[3407],"product_cat":[29,514],"product_tag":[3270],"class_list":{"0":"post-464032","1":"product","2":"type-product","3":"status-publish","4":"has-post-thumbnail","6":"product_brand-milwaukee","7":"product_cat-macchinari","8":"product_cat-altri-dispositivi","9":"product_tag-import-milwau","10":"sws-gruppo-macchinari-fr","11":"sws-conto-ricavi-merci-rivendita-macchinari-fr","12":"sws-gruppo-iva-iva81-fr","14":"first","15":"instock","16":"sale","17":"purchasable","18":"product-type-simple"},"_links":{"self":[{"href":"https:\/\/lucacastelli.com\/fr\/wp-json\/wp\/v2\/product\/464032","targetHints":{"allow":["GET"]}}],"collection":[{"href":"https:\/\/lucacastelli.com\/fr\/wp-json\/wp\/v2\/product"}],"about":[{"href":"https:\/\/lucacastelli.com\/fr\/wp-json\/wp\/v2\/types\/product"}],"wp:featuredmedia":[{"embeddable":true,"href":"https:\/\/lucacastelli.com\/fr\/wp-json\/wp\/v2\/media\/433458"}],"wp:attachment":[{"href":"https:\/\/lucacastelli.com\/fr\/wp-json\/wp\/v2\/media?parent=464032"}],"wp:term":[{"taxonomy":"product_brand","embeddable":true,"href":"https:\/\/lucacastelli.com\/fr\/wp-json\/wp\/v2\/product_brand?post=464032"},{"taxonomy":"product_cat","embeddable":true,"href":"https:\/\/lucacastelli.com\/fr\/wp-json\/wp\/v2\/product_cat?post=464032"},{"taxonomy":"product_tag","embeddable":true,"href":"https:\/\/lucacastelli.com\/fr\/wp-json\/wp\/v2\/product_tag?post=464032"}],"curies":[{"name":"wp","href":"https:\/\/api.w.org\/{rel}","templated":true}]}}